{"id":1023,"date":"2021-03-24T07:41:27","date_gmt":"2021-03-24T10:41:27","guid":{"rendered":"https:\/\/consorciogroscon.com.br\/novo\/?page_id=1023"},"modified":"2022-06-20T17:44:31","modified_gmt":"2022-06-20T20:44:31","slug":"simule-auto","status":"publish","type":"page","link":"https:\/\/consorciogroscon.com.br\/novo\/simule-auto\/","title":{"rendered":"SIMULE AUTO"},"content":{"rendered":"\t\t<div data-elementor-type=\"wp-page\" data-elementor-id=\"1023\" class=\"elementor elementor-1023\">\n\t\t\t\t\t\t<section class=\"elementor-section elementor-top-section elementor-element elementor-element-eee2bde elementor-section-full_width elementor-section-height-default elementor-section-height-default jltma-glass-effect-no\" data-id=\"eee2bde\" data-element_type=\"section\" data-e-type=\"section\">\n\t\t\t\t\t\t<div class=\"elementor-container elementor-column-gap-no\">\n\t\t\t\t\t<div class=\"elementor-column elementor-col-100 elementor-top-column elementor-element elementor-element-325015a jltma-glass-effect-no\" data-id=\"325015a\" data-element_type=\"column\" data-e-type=\"column\">\n\t\t\t<div class=\"elementor-widget-wrap elementor-element-populated\">\n\t\t\t\t\t\t<div class=\"elementor-element elementor-element-d33fc41 elementor-widget__width-inherit jltma-glass-effect-no elementor-widget elementor-widget-heading\" data-id=\"d33fc41\" data-element_type=\"widget\" data-e-type=\"widget\" data-widget_type=\"heading.default\">\n\t\t\t\t<div class=\"elementor-widget-container\">\n\t\t\t\t\t<h1 class=\"elementor-heading-title elementor-size-default\">SIMULA\u00c7\u00c3O GROSCON<\/h1>\t\t\t\t<\/div>\n\t\t\t\t<\/div>\n\t\t\t\t\t<\/div>\n\t\t<\/div>\n\t\t\t\t\t<\/div>\n\t\t<\/section>\n\t\t\t\t<section class=\"elementor-section elementor-top-section elementor-element elementor-element-fb893b9 elementor-section-boxed elementor-section-height-default elementor-section-height-default jltma-glass-effect-no\" data-id=\"fb893b9\" data-element_type=\"section\" data-e-type=\"section\">\n\t\t\t\t\t\t<div class=\"elementor-container elementor-column-gap-default\">\n\t\t\t\t\t<div class=\"elementor-column elementor-col-100 elementor-top-column elementor-element elementor-element-0374f5a jltma-glass-effect-no\" data-id=\"0374f5a\" data-element_type=\"column\" data-e-type=\"column\">\n\t\t\t<div class=\"elementor-widget-wrap elementor-element-populated\">\n\t\t\t\t\t\t<div class=\"elementor-element elementor-element-2d20a7b jltma-glass-effect-no elementor-widget elementor-widget-heading\" data-id=\"2d20a7b\" data-element_type=\"widget\" data-e-type=\"widget\" data-widget_type=\"heading.default\">\n\t\t\t\t<div class=\"elementor-widget-container\">\n\t\t\t\t\t<h3 class=\"elementor-heading-title elementor-size-default\">S E L E C I O N E &nbsp; O &nbsp; S E G M E N T O<\/h3>\t\t\t\t<\/div>\n\t\t\t\t<\/div>\n\t\t\t\t\t<\/div>\n\t\t<\/div>\n\t\t\t\t\t<\/div>\n\t\t<\/section>\n\t\t\t\t<section class=\"elementor-section elementor-top-section elementor-element elementor-element-329a383 elementor-section-boxed elementor-section-height-default elementor-section-height-default jltma-glass-effect-no\" data-id=\"329a383\" data-element_type=\"section\" data-e-type=\"section\">\n\t\t\t\t\t\t<div class=\"elementor-container elementor-column-gap-default\">\n\t\t\t\t\t<div class=\"elementor-column elementor-col-20 elementor-top-column elementor-element elementor-element-200a87c jltma-glass-effect-no\" data-id=\"200a87c\" data-element_type=\"column\" data-e-type=\"column\">\n\t\t\t<div class=\"elementor-widget-wrap\">\n\t\t\t\t\t\t\t<\/div>\n\t\t<\/div>\n\t\t\t\t<div class=\"elementor-column elementor-col-20 elementor-top-column elementor-element elementor-element-b218694 jltma-glass-effect-no\" data-id=\"b218694\" data-element_type=\"column\" data-e-type=\"column\">\n\t\t\t<div class=\"elementor-widget-wrap elementor-element-populated\">\n\t\t\t\t\t\t<div class=\"elementor-element elementor-element-6965796 jltma-glass-effect-no elementor-widget elementor-widget-image\" data-id=\"6965796\" data-element_type=\"widget\" data-e-type=\"widget\" data-widget_type=\"image.default\">\n\t\t\t\t<div class=\"elementor-widget-container\">\n\t\t\t\t\t\t\t\t\t\t\t\t\t\t\t\t<a href=\"https:\/\/consorciogroscon.com.br\/novo\/simule-imovel\/\">\n\t\t\t\t\t\t\t<img fetchpriority=\"high\" decoding=\"async\" width=\"540\" height=\"484\" src=\"https:\/\/consorciogroscon.com.br\/novo\/wp-content\/uploads\/2021\/06\/IMOVEIS.png\" class=\"attachment-large size-large wp-image-1697\" alt=\"\" srcset=\"https:\/\/consorciogroscon.com.br\/novo\/wp-content\/uploads\/2021\/06\/IMOVEIS.png 540w, https:\/\/consorciogroscon.com.br\/novo\/wp-content\/uploads\/2021\/06\/IMOVEIS-300x269.png 300w\" sizes=\"(max-width: 540px) 100vw, 540px\" \/>\t\t\t\t\t\t\t\t<\/a>\n\t\t\t\t\t\t\t\t\t\t\t\t\t\t\t<\/div>\n\t\t\t\t<\/div>\n\t\t\t\t\t<\/div>\n\t\t<\/div>\n\t\t\t\t<div class=\"elementor-column elementor-col-20 elementor-top-column elementor-element elementor-element-ef7e6ef jltma-glass-effect-no\" data-id=\"ef7e6ef\" data-element_type=\"column\" data-e-type=\"column\">\n\t\t\t<div class=\"elementor-widget-wrap elementor-element-populated\">\n\t\t\t\t\t\t<div class=\"elementor-element elementor-element-6d95403 jltma-glass-effect-no elementor-widget elementor-widget-image\" data-id=\"6d95403\" data-element_type=\"widget\" data-e-type=\"widget\" data-widget_type=\"image.default\">\n\t\t\t\t<div class=\"elementor-widget-container\">\n\t\t\t\t\t\t\t\t\t\t\t\t\t\t\t\t<a href=\"https:\/\/consorciogroscon.com.br\/novo\/simule-auto\/\">\n\t\t\t\t\t\t\t<img decoding=\"async\" width=\"539\" height=\"483\" src=\"https:\/\/consorciogroscon.com.br\/novo\/wp-content\/uploads\/2021\/06\/AUTO.png\" class=\"attachment-large size-large wp-image-1698\" alt=\"\" srcset=\"https:\/\/consorciogroscon.com.br\/novo\/wp-content\/uploads\/2021\/06\/AUTO.png 539w, https:\/\/consorciogroscon.com.br\/novo\/wp-content\/uploads\/2021\/06\/AUTO-300x269.png 300w\" sizes=\"(max-width: 539px) 100vw, 539px\" \/>\t\t\t\t\t\t\t\t<\/a>\n\t\t\t\t\t\t\t\t\t\t\t\t\t\t\t<\/div>\n\t\t\t\t<\/div>\n\t\t\t\t\t<\/div>\n\t\t<\/div>\n\t\t\t\t<div class=\"elementor-column elementor-col-20 elementor-top-column elementor-element elementor-element-19f8fe8 jltma-glass-effect-no\" data-id=\"19f8fe8\" data-element_type=\"column\" data-e-type=\"column\">\n\t\t\t<div class=\"elementor-widget-wrap elementor-element-populated\">\n\t\t\t\t\t\t<div class=\"elementor-element elementor-element-1ebd0ef jltma-glass-effect-no elementor-widget elementor-widget-image\" data-id=\"1ebd0ef\" data-element_type=\"widget\" data-e-type=\"widget\" data-widget_type=\"image.default\">\n\t\t\t\t<div class=\"elementor-widget-container\">\n\t\t\t\t\t\t\t\t\t\t\t\t\t\t\t\t<a href=\"https:\/\/consorciogroscon.com.br\/novo\/simule-caminhoes\/\">\n\t\t\t\t\t\t\t<img decoding=\"async\" width=\"539\" height=\"483\" src=\"https:\/\/consorciogroscon.com.br\/novo\/wp-content\/uploads\/2021\/06\/CAMINHAO.png\" class=\"attachment-large size-large wp-image-1699\" alt=\"\" srcset=\"https:\/\/consorciogroscon.com.br\/novo\/wp-content\/uploads\/2021\/06\/CAMINHAO.png 539w, https:\/\/consorciogroscon.com.br\/novo\/wp-content\/uploads\/2021\/06\/CAMINHAO-300x269.png 300w\" sizes=\"(max-width: 539px) 100vw, 539px\" \/>\t\t\t\t\t\t\t\t<\/a>\n\t\t\t\t\t\t\t\t\t\t\t\t\t\t\t<\/div>\n\t\t\t\t<\/div>\n\t\t\t\t\t<\/div>\n\t\t<\/div>\n\t\t\t\t<div class=\"elementor-column elementor-col-20 elementor-top-column elementor-element elementor-element-2b29a7b jltma-glass-effect-no\" data-id=\"2b29a7b\" data-element_type=\"column\" data-e-type=\"column\">\n\t\t\t<div class=\"elementor-widget-wrap\">\n\t\t\t\t\t\t\t<\/div>\n\t\t<\/div>\n\t\t\t\t\t<\/div>\n\t\t<\/section>\n\t\t\t\t<section class=\"elementor-section elementor-top-section elementor-element elementor-element-988311a elementor-section-boxed elementor-section-height-default elementor-section-height-default jltma-glass-effect-no\" data-id=\"988311a\" data-element_type=\"section\" data-e-type=\"section\">\n\t\t\t\t\t\t<div class=\"elementor-container elementor-column-gap-default\">\n\t\t\t\t\t<div class=\"elementor-column elementor-col-50 elementor-top-column elementor-element elementor-element-9b236bc jltma-glass-effect-no\" data-id=\"9b236bc\" data-element_type=\"column\" data-e-type=\"column\">\n\t\t\t<div class=\"elementor-widget-wrap elementor-element-populated\">\n\t\t\t\t\t\t<div class=\"elementor-element elementor-element-59237cc jltma-glass-effect-no elementor-widget elementor-widget-image\" data-id=\"59237cc\" data-element_type=\"widget\" data-e-type=\"widget\" data-widget_type=\"image.default\">\n\t\t\t\t<div class=\"elementor-widget-container\">\n\t\t\t\t\t\t\t\t\t\t\t\t\t\t\t<img loading=\"lazy\" decoding=\"async\" width=\"572\" height=\"507\" src=\"https:\/\/consorciogroscon.com.br\/novo\/wp-content\/uploads\/2021\/06\/CARRO.png\" class=\"attachment-large size-large wp-image-1700\" alt=\"\" srcset=\"https:\/\/consorciogroscon.com.br\/novo\/wp-content\/uploads\/2021\/06\/CARRO.png 572w, https:\/\/consorciogroscon.com.br\/novo\/wp-content\/uploads\/2021\/06\/CARRO-300x266.png 300w\" sizes=\"(max-width: 572px) 100vw, 572px\" \/>\t\t\t\t\t\t\t\t\t\t\t\t\t\t\t<\/div>\n\t\t\t\t<\/div>\n\t\t\t\t\t<\/div>\n\t\t<\/div>\n\t\t\t\t<div class=\"elementor-column elementor-col-50 elementor-top-column elementor-element elementor-element-a21ca74 jltma-glass-effect-no\" data-id=\"a21ca74\" data-element_type=\"column\" data-e-type=\"column\">\n\t\t\t<div class=\"elementor-widget-wrap elementor-element-populated\">\n\t\t\t\t\t\t<div class=\"elementor-element elementor-element-923c9e1 jltma-glass-effect-no elementor-widget elementor-widget-html\" data-id=\"923c9e1\" data-element_type=\"widget\" data-e-type=\"widget\" data-widget_type=\"html.default\">\n\t\t\t\t<div class=\"elementor-widget-container\">\n\t\t\t\t\t\n<div class=\"wpcf7 no-js\" id=\"wpcf7-f1027-o1\" lang=\"pt-BR\" dir=\"ltr\" data-wpcf7-id=\"1027\">\n<div class=\"screen-reader-response\"><p role=\"status\" aria-live=\"polite\" aria-atomic=\"true\"><\/p> <ul><\/ul><\/div>\n<form action=\"\/novo\/wp-json\/wp\/v2\/pages\/1023#wpcf7-f1027-o1\" method=\"post\" class=\"wpcf7-form init\" aria-label=\"Formul\u00e1rios de contato\" novalidate=\"novalidate\" data-status=\"init\">\n<fieldset class=\"hidden-fields-container\"><input type=\"hidden\" name=\"_wpcf7\" value=\"1027\" \/><input type=\"hidden\" name=\"_wpcf7_version\" value=\"6.1.5\" \/><input type=\"hidden\" name=\"_wpcf7_locale\" value=\"pt_BR\" \/><input type=\"hidden\" name=\"_wpcf7_unit_tag\" value=\"wpcf7-f1027-o1\" \/><input type=\"hidden\" name=\"_wpcf7_container_post\" value=\"0\" \/><input type=\"hidden\" name=\"_wpcf7_posted_data_hash\" value=\"\" \/><input type=\"hidden\" name=\"_wpcf7_recaptcha_response\" value=\"\" \/>\n<\/fieldset>\n<label> Nome<\/label>\n    <span class=\"wpcf7-form-control-wrap\" data-name=\"nome\"><input size=\"40\" maxlength=\"400\" class=\"wpcf7-form-control wpcf7-text wpcf7-validates-as-required\" id=\"nome\" aria-required=\"true\" aria-invalid=\"false\" placeholder=\"NOME*\" value=\"\" type=\"text\" name=\"nome\" \/><\/span> \n\n<label> Sobrenome<\/label>\n    <span class=\"wpcf7-form-control-wrap\" data-name=\"sobrenome\"><input size=\"40\" maxlength=\"400\" class=\"wpcf7-form-control wpcf7-text wpcf7-validates-as-required\" id=\"sobrenome\" aria-required=\"true\" aria-invalid=\"false\" placeholder=\"SOBRENOME*\" value=\"\" type=\"text\" name=\"sobrenome\" \/><\/span> \n\n<label> Celular<\/label>\n    <span class=\"wpcf7-form-control-wrap\" data-name=\"cel\"><input size=\"40\" maxlength=\"400\" class=\"wpcf7-form-control wpcf7-tel wpcf7-validates-as-required wpcf7-text wpcf7-validates-as-tel\" id=\"cel\" aria-required=\"true\" aria-invalid=\"false\" placeholder=\"CELULAR*\" value=\"\" type=\"tel\" name=\"cel\" \/><\/span> \n\n<label> E-mail<\/label>\n    <span class=\"wpcf7-form-control-wrap\" data-name=\"email\"><input size=\"40\" maxlength=\"400\" class=\"wpcf7-form-control wpcf7-email wpcf7-validates-as-required wpcf7-text wpcf7-validates-as-email\" id=\"email\" aria-required=\"true\" aria-invalid=\"false\" placeholder=\"EMAIL*\" value=\"\" type=\"email\" name=\"email\" \/><\/span> \n\n<label> Cidade<\/label>\n    <span class=\"wpcf7-form-control-wrap\" data-name=\"cidade\"><input size=\"40\" maxlength=\"400\" class=\"wpcf7-form-control wpcf7-text wpcf7-validates-as-required\" id=\"cidade\" aria-required=\"true\" aria-invalid=\"false\" placeholder=\"CIDADE*\" value=\"\" type=\"text\" name=\"cidade\" \/><\/span> \n\n<label> Prazo<\/label>\n    <span class=\"wpcf7-form-control-wrap\" data-name=\"prazo\"><select class=\"wpcf7-form-control wpcf7-select wpcf7-validates-as-required\" id=\"prazo\" aria-required=\"true\" aria-invalid=\"false\" name=\"prazo\"><option value=\"\">Prazo<\/option><option value=\"60 meses\">60 meses<\/option><option value=\"80 meses\">80 meses<\/option><\/select><\/span>\n\n<label> Cr\u00e9dito<\/label>\n<span class=\"wpcf7-form-control-wrap\" data-name=\"credito\"><select class=\"wpcf7-form-control wpcf7-select wpcf7-validates-as-required\" id=\"credito\" aria-required=\"true\" aria-invalid=\"false\" name=\"credito\"><option value=\"\">VALOR DO CR\u00c9DITO<\/option><option value=\"R$ 21.932,27\">R$ 21.932,27<\/option><option value=\"R$ 25.222,11\">R$ 25.222,11<\/option><option value=\"R$ 27.415,34\">R$ 27.415,34<\/option><option value=\"R$ 29.608,56\">R$ 29.608,56<\/option><option value=\"R$ 32.898,40\">R$ 32.898,40<\/option><option value=\"R$ 36.188,24\">R$ 36.188,24<\/option><option value=\"R$ 38.381,47\">R$ 38.381,47<\/option><option value=\"R$ 40.574,70\">R$ 40.574,70<\/option><option value=\"R$ 43.864,54\">R$ 43.864,54<\/option><option value=\"R$ 73.038,00\">R$ 73.038,00<\/option><option value=\"R$ 78.255,00\">R$ 78.255,00<\/option><option value=\"R$ 83.472,00\">R$ 83.472,00<\/option><option value=\"R$ 88.689,00\">R$ 88.689,00<\/option><option value=\"R$ 93.906,00\">R$ 93.906,00<\/option><option value=\"R$ 99.123,00\">R$ 99.123,00<\/option><option value=\"R$ 104.340,00\">R$ 104.340,00<\/option><option value=\"R$ 109.557,00\">R$ 109.557,00<\/option><option value=\"R$ 114.774,00\">R$ 114.774,00<\/option><option value=\"R$ 119.991,00\">R$ 119.991,00<\/option><option value=\"R$ 125.208,00\">R$ 125.208,00<\/option><option value=\"R$ 130.425,00\">R$ 130.425,00<\/option><option value=\"R$ 135.642,00\">R$ 135.642,00<\/option><option value=\"R$ 140.859,00\">R$ 140.859,00<\/option><option value=\"R$ 146.076,00\">R$ 146.076,00<\/option><\/select><\/span>\n\n\n<label><\/label>\n<span class=\"wpcf7-form-control-wrap\" data-name=\"aceite\"><span class=\"wpcf7-form-control wpcf7-acceptance\"><span class=\"wpcf7-list-item\"><label><input type=\"checkbox\" name=\"aceite\" value=\"1\" id=\"aceite\" aria-invalid=\"false\" \/><span class=\"wpcf7-list-item-label\">Aceito os <a href=\"https:\/\/consorciogroscon.com.br\/novo\/wp-content\/uploads\/2021\/03\/politica-de-privacidade-do-consorcio-nacional-groscon.pdf\" target=\"_blank\">termos de privacidade<\/a><\/span><\/label><\/span><\/span><\/span>\n<label><\/label>\n<input class=\"wpcf7-form-control wpcf7-submit has-spinner\" type=\"submit\" value=\"Enviar\" \/><div class=\"wpcf7-response-output\" aria-hidden=\"true\"><\/div>\n<\/form>\n<\/div>\n\t\t\t\t<\/div>\n\t\t\t\t<\/div>\n\t\t\t\t\t<\/div>\n\t\t<\/div>\n\t\t\t\t\t<\/div>\n\t\t<\/section>\n\t\t\t\t<section class=\"elementor-section elementor-top-section elementor-element elementor-element-5d180ce5 elementor-section-full_width elementor-section-height-default elementor-section-height-default jltma-glass-effect-no\" data-id=\"5d180ce5\" data-element_type=\"section\" data-e-type=\"section\" data-settings=\"{&quot;background_background&quot;:&quot;classic&quot;}\">\n\t\t\t\t\t\t<div class=\"elementor-container elementor-column-gap-no\">\n\t\t\t\t\t<div class=\"elementor-column elementor-col-100 elementor-top-column elementor-element elementor-element-1971d454 jltma-glass-effect-no\" data-id=\"1971d454\" data-element_type=\"column\" data-e-type=\"column\">\n\t\t\t<div class=\"elementor-widget-wrap elementor-element-populated\">\n\t\t\t\t\t\t<div class=\"elementor-element elementor-element-16b0f77f jltma-glass-effect-no elementor-widget elementor-widget-image\" data-id=\"16b0f77f\" data-element_type=\"widget\" data-e-type=\"widget\" data-widget_type=\"image.default\">\n\t\t\t\t<div class=\"elementor-widget-container\">\n\t\t\t\t\t\t\t\t\t\t\t\t\t\t\t\t<a href=\"https:\/\/www.instagram.com\/consorciogroscon\/\" target=\"_blank\">\n\t\t\t\t\t\t\t<img loading=\"lazy\" decoding=\"async\" width=\"540\" height=\"79\" src=\"https:\/\/consorciogroscon.com.br\/novo\/wp-content\/uploads\/2021\/03\/siga-nos.png\" class=\"attachment-large size-large wp-image-402\" alt=\"\" srcset=\"https:\/\/consorciogroscon.com.br\/novo\/wp-content\/uploads\/2021\/03\/siga-nos.png 540w, https:\/\/consorciogroscon.com.br\/novo\/wp-content\/uploads\/2021\/03\/siga-nos-300x44.png 300w\" sizes=\"(max-width: 540px) 100vw, 540px\" \/>\t\t\t\t\t\t\t\t<\/a>\n\t\t\t\t\t\t\t\t\t\t\t\t\t\t\t<\/div>\n\t\t\t\t<\/div>\n\t\t\t\t\t<\/div>\n\t\t<\/div>\n\t\t\t\t\t<\/div>\n\t\t<\/section>\n\t\t\t\t<section class=\"elementor-section elementor-top-section elementor-element elementor-element-4b48174e rodape elementor-section-boxed elementor-section-height-default elementor-section-height-default jltma-glass-effect-no\" data-id=\"4b48174e\" data-element_type=\"section\" data-e-type=\"section\" data-settings=\"{&quot;background_background&quot;:&quot;classic&quot;}\">\n\t\t\t\t\t\t<div class=\"elementor-container elementor-column-gap-default\">\n\t\t\t\t\t<div class=\"elementor-column elementor-col-33 elementor-top-column elementor-element elementor-element-160f5883 jltma-glass-effect-no\" data-id=\"160f5883\" data-element_type=\"column\" data-e-type=\"column\">\n\t\t\t<div class=\"elementor-widget-wrap elementor-element-populated\">\n\t\t\t\t\t\t<div class=\"elementor-element elementor-element-2ffbbaae jltma-glass-effect-no elementor-widget elementor-widget-text-editor\" data-id=\"2ffbbaae\" data-element_type=\"widget\" data-e-type=\"widget\" data-widget_type=\"text-editor.default\">\n\t\t\t\t<div class=\"elementor-widget-container\">\n\t\t\t\t\t\t\t\t\t<p><img loading=\"lazy\" decoding=\"async\" class=\"alignnone size-medium wp-image-745\" src=\"http:\/\/consorciogroscon.com.br\/novo\/wp-content\/uploads\/2021\/03\/groscon-branco-300x66.png\" alt=\"\" width=\"300\" height=\"66\" srcset=\"https:\/\/consorciogroscon.com.br\/novo\/wp-content\/uploads\/2021\/03\/groscon-branco-300x66.png 300w, https:\/\/consorciogroscon.com.br\/novo\/wp-content\/uploads\/2021\/03\/groscon-branco.png 511w\" sizes=\"(max-width: 300px) 100vw, 300px\" \/><\/p><p><a href=\"https:\/\/consorciogroscon.com.br\/novo\/sobre-nos\/\">Quem Somos<\/a><br \/><a href=\"https:\/\/consorciogroscon.com.br\/novo\/duvidas-frequentes\/\">D\u00favidas Frequentes<\/a><br \/><a href=\"https:\/\/consorciogroscon.com.br\/novo\/codigo-de-etica\/\">C\u00f3digo de \u00c9tica GROSCON<\/a><br \/><a href=\"https:\/\/consorciogroscon.com.br\/novo\/parceiros\/\">Parceiros<\/a><br \/><a href=\"https:\/\/consorciogroscon.com.br\/novo\/trabalhe-conosco\/\">Trabalhe Conosco<\/a><br \/><a href=\"https:\/\/consorciogroscon.com.br\/novo\/contato\/\">Fale Conosco<\/a><br \/><a href=\"https:\/\/consorciogroscon.com.br\/novo\/demonstracoes-financeiras\/\" rel=\"noopener\">Demonstra\u00e7\u00f5es Financeiras<\/a><br \/><a href=\"https:\/\/consorciogroscon.com.br\/novo\/wp-content\/uploads\/2021\/03\/manual-de-pld-e-cft.html\" target=\"_blank\" rel=\"noopener\">Manual de PLD e CFT<\/a><br \/><a href=\"https:\/\/consorciogroscon.com.br\/novo\/wp-content\/uploads\/2021\/03\/politica-de-privacidade-do-consorcio-nacional-groscon.pdf\" target=\"_blank\" rel=\"noopener\">Pol\u00edtica de Privacidade de Dados<\/a><br \/><a href=\"https:\/\/consorciogroscon.com.br\/novo\/wp-content\/uploads\/2022\/01\/relatorio-ouvidoria-01-2021.pdf\" target=\"_blank\" rel=\"noopener\">Relat\u00f3rio Ouvidoria<\/a><\/p>\t\t\t\t\t\t\t\t<\/div>\n\t\t\t\t<\/div>\n\t\t\t\t\t<\/div>\n\t\t<\/div>\n\t\t\t\t<div class=\"elementor-column elementor-col-33 elementor-top-column elementor-element elementor-element-3accc9f3 jltma-glass-effect-no\" data-id=\"3accc9f3\" data-element_type=\"column\" data-e-type=\"column\">\n\t\t\t<div class=\"elementor-widget-wrap elementor-element-populated\">\n\t\t\t\t\t\t<div class=\"elementor-element elementor-element-9053d4d jltma-glass-effect-no elementor-widget elementor-widget-text-editor\" data-id=\"9053d4d\" data-element_type=\"widget\" data-e-type=\"widget\" data-widget_type=\"text-editor.default\">\n\t\t\t\t<div class=\"elementor-widget-container\">\n\t\t\t\t\t\t\t\t\t<h3><strong>ENDERE\u00c7O<\/strong><\/h3>\n<p><i class=\"fa fa-map-marker\"><\/i> Rua: S\u00e3o Sebasti\u00e3o do Paraiso, 1035<br>Jd. Francano &#8211; Franca \/ SP &#8211; CEP 14405-010<br><i class=\"fa fa-envelope\"><\/i> groscon@consorciogroscon.com.br<br><i class=\"fa fa-phone\"><\/i> Telefone: (016) 3707-5500<br><i class=\"fa fa-phone\"><\/i> SAC\/Ouvidoria 0800-940-3636<br>De Seg. \u00e0 Sex. das 8h \u00e0s 18h<\/p>\t\t\t\t\t\t\t\t<\/div>\n\t\t\t\t<\/div>\n\t\t\t\t<div class=\"elementor-element elementor-element-61ea95db jltma-glass-effect-no elementor-widget elementor-widget-html\" data-id=\"61ea95db\" data-element_type=\"widget\" data-e-type=\"widget\" data-widget_type=\"html.default\">\n\t\t\t\t<div class=\"elementor-widget-container\">\n\t\t\t\t\t<a class=\"elementor-icon sociais-icon\" href=\"https:\/\/www.facebook.com\/ConsorcioGrosconOficial\/\" target=\"_blank\">\r\n\t\t\t<i aria-hidden=\"true\" class=\"fab fa-facebook-square\"><\/i>\t\t\t<\/a>\r\n<a class=\"elementor-icon sociais-icon\" href=\"https:\/\/www.youtube.com\/channel\/UCoMLUnwHbj0BaUfPg5MJFpw\" target=\"_blank\">\r\n\t\t\t<i aria-hidden=\"true\" class=\"fab fa-youtube\"><\/i>\t\t\t<\/a>\r\n<a class=\"elementor-icon sociais-icon\" href=\"https:\/\/www.instagram.com\/ConsorcioGroscon\/\" target=\"_blank\">\r\n\t\t\t<i aria-hidden=\"true\" class=\"fab fa-instagram\"><\/i>\t\t\t<\/a>\t\t\t\t<\/div>\n\t\t\t\t<\/div>\n\t\t\t\t\t<\/div>\n\t\t<\/div>\n\t\t\t\t<div class=\"elementor-column elementor-col-33 elementor-top-column elementor-element elementor-element-5d72c27a jltma-glass-effect-no\" data-id=\"5d72c27a\" data-element_type=\"column\" data-e-type=\"column\">\n\t\t\t<div class=\"elementor-widget-wrap elementor-element-populated\">\n\t\t\t\t\t\t<div class=\"elementor-element elementor-element-745a9b7a jltma-glass-effect-no elementor-widget elementor-widget-text-editor\" data-id=\"745a9b7a\" data-element_type=\"widget\" data-e-type=\"widget\" data-widget_type=\"text-editor.default\">\n\t\t\t\t<div class=\"elementor-widget-container\">\n\t\t\t\t\t\t\t\t\t<h3><strong>SIMULE<\/strong><\/h3><p><a href=\"https:\/\/consorciogroscon.com.br\/novo\/simule-imovel\/\">Simular Cons\u00f3rcio de Im\u00f3veis<\/a><br \/><a href=\"https:\/\/consorciogroscon.com.br\/novo\/simule-auto\/\">Simular Cons\u00f3rcio de Autom\u00f3vel<\/a><br \/><a href=\"https:\/\/consorciogroscon.com.br\/novo\/simule-caminhoes\/\">Simular Cons\u00f3rcio de Caminh\u00e3o<\/a><\/p><p><span class=\"azul-claro\">N\u00e3o comercializamos cotas contempladas. Em caso de d\u00favidas, entre em contato com nossa Central de Atendimento.<\/span><\/p>\t\t\t\t\t\t\t\t<\/div>\n\t\t\t\t<\/div>\n\t\t\t\t\t<\/div>\n\t\t<\/div>\n\t\t\t\t\t<\/div>\n\t\t<\/section>\n\t\t\t\t<\/div>\n\t\t","protected":false},"excerpt":{"rendered":"<p>SIMULA\u00c7\u00c3O GROSCON S E L E C I O N E &nbsp; O &nbsp; S E G M E N T O Quem SomosD\u00favidas FrequentesC\u00f3digo de \u00c9tica GROSCONParceirosTrabalhe ConoscoFale ConoscoDemonstra\u00e7\u00f5es FinanceirasManual de PLD e CFTPol\u00edtica de Privacidade de DadosRelat\u00f3rio Ouvidoria ENDERE\u00c7O Rua: S\u00e3o Sebasti\u00e3o do Paraiso, 1035Jd. Francano &#8211; Franca \/ SP &#8211; CEP 14405-010&hellip;&nbsp;<a href=\"https:\/\/consorciogroscon.com.br\/novo\/simule-auto\/\" class=\"\" rel=\"bookmark\">Continue a ler &raquo;<span class=\"screen-reader-text\">SIMULE AUTO<\/span><\/a><\/p>\n","protected":false},"author":1,"featured_media":0,"parent":0,"menu_order":0,"comment_status":"closed","ping_status":"closed","template":"elementor_header_footer","meta":{"telegram_tosend":false,"telegram_tosend_message":"","telegram_tosend_target":0,"neve_meta_sidebar":"full-width","neve_meta_container":"","neve_meta_enable_content_width":"on","neve_meta_content_width":100,"neve_meta_title_alignment":"","neve_meta_author_avatar":"","neve_post_elements_order":"","neve_meta_disable_header":"","neve_meta_disable_footer":"","neve_meta_disable_title":"","_themeisle_gutenberg_block_has_review":false,"footnotes":""},"class_list":["post-1023","page","type-page","status-publish","hentry"],"_links":{"self":[{"href":"https:\/\/consorciogroscon.com.br\/novo\/wp-json\/wp\/v2\/pages\/1023","targetHints":{"allow":["GET"]}}],"collection":[{"href":"https:\/\/consorciogroscon.com.br\/novo\/wp-json\/wp\/v2\/pages"}],"about":[{"href":"https:\/\/consorciogroscon.com.br\/novo\/wp-json\/wp\/v2\/types\/page"}],"author":[{"embeddable":true,"href":"https:\/\/consorciogroscon.com.br\/novo\/wp-json\/wp\/v2\/users\/1"}],"replies":[{"embeddable":true,"href":"https:\/\/consorciogroscon.com.br\/novo\/wp-json\/wp\/v2\/comments?post=1023"}],"version-history":[{"count":25,"href":"https:\/\/consorciogroscon.com.br\/novo\/wp-json\/wp\/v2\/pages\/1023\/revisions"}],"predecessor-version":[{"id":2989,"href":"https:\/\/consorciogroscon.com.br\/novo\/wp-json\/wp\/v2\/pages\/1023\/revisions\/2989"}],"wp:attachment":[{"href":"https:\/\/consorciogroscon.com.br\/novo\/wp-json\/wp\/v2\/media?parent=1023"}],"curies":[{"name":"wp","href":"https:\/\/api.w.org\/{rel}","templated":true}]}}