{"id":359,"date":"2021-03-01T23:24:46","date_gmt":"2021-03-02T02:24:46","guid":{"rendered":"http:\/\/consorciogroscon.com.br\/novo\/?page_id=359"},"modified":"2023-06-21T09:13:27","modified_gmt":"2023-06-21T12:13:27","slug":"sobre-nos","status":"publish","type":"page","link":"https:\/\/consorciogroscon.com.br\/novo\/sobre-nos\/","title":{"rendered":"SOBRE N\u00d3S"},"content":{"rendered":"\t\t<div data-elementor-type=\"wp-page\" data-elementor-id=\"359\" class=\"elementor elementor-359\">\n\t\t\t\t\t\t<section class=\"elementor-section elementor-top-section elementor-element elementor-element-732a951 elementor-section-full_width elementor-section-height-default elementor-section-height-default jltma-glass-effect-no\" data-id=\"732a951\" data-element_type=\"section\" data-e-type=\"section\">\n\t\t\t\t\t\t<div class=\"elementor-container elementor-column-gap-no\">\n\t\t\t\t\t<div class=\"elementor-column elementor-col-100 elementor-top-column elementor-element elementor-element-2f6eddd jltma-glass-effect-no\" data-id=\"2f6eddd\" data-element_type=\"column\" data-e-type=\"column\">\n\t\t\t<div class=\"elementor-widget-wrap elementor-element-populated\">\n\t\t\t\t\t\t<div class=\"elementor-element elementor-element-e7a2917 elementor-widget__width-inherit jltma-glass-effect-no elementor-widget elementor-widget-heading\" data-id=\"e7a2917\" data-element_type=\"widget\" data-e-type=\"widget\" data-widget_type=\"heading.default\">\n\t\t\t\t<div class=\"elementor-widget-container\">\n\t\t\t\t\t<h1 class=\"elementor-heading-title elementor-size-default\">SOBRE N\u00d3S<\/h1>\t\t\t\t<\/div>\n\t\t\t\t<\/div>\n\t\t\t\t\t<\/div>\n\t\t<\/div>\n\t\t\t\t\t<\/div>\n\t\t<\/section>\n\t\t\t\t<section class=\"elementor-section elementor-top-section elementor-element elementor-element-4f3a77a0 elementor-section-boxed elementor-section-height-default elementor-section-height-default jltma-glass-effect-no\" data-id=\"4f3a77a0\" data-element_type=\"section\" data-e-type=\"section\">\n\t\t\t\t\t\t<div class=\"elementor-container elementor-column-gap-default\">\n\t\t\t\t\t<div class=\"elementor-column elementor-col-100 elementor-top-column elementor-element elementor-element-29f3ee32 jltma-glass-effect-no\" data-id=\"29f3ee32\" data-element_type=\"column\" data-e-type=\"column\">\n\t\t\t<div class=\"elementor-widget-wrap elementor-element-populated\">\n\t\t\t\t\t\t<div class=\"elementor-element elementor-element-668ef22c jltma-glass-effect-no elementor-widget elementor-widget-text-editor\" data-id=\"668ef22c\" data-element_type=\"widget\" data-e-type=\"widget\" data-widget_type=\"text-editor.default\">\n\t\t\t\t<div class=\"elementor-widget-container\">\n\t\t\t\t\t\t\t\t\t<p>\u00a0<\/p><p>A <strong>GROSCON ADMINISTRADORA DE CONS\u00d3RCIOS LTDA<\/strong> tem como objetivo administrar com responsabilidade os recursos de terceiros, bem como, atender e proporcionar a seus clientes ampla satisfa\u00e7\u00e3o, fornecendo presta\u00e7\u00e3o de servi\u00e7os em conformidade com o Regulamento do Sistema de Cons\u00f3rcios adotado pelo Banco Central do Brasil e entidades de prote\u00e7\u00e3o ao consumidor, estando tamb\u00e9m associada aos \u00f3rg\u00e3os de classe (ABAC &#8211; Associa\u00e7\u00e3o Brasileira de Administradoras de Cons\u00f3rcios e SINAC &#8211; Sindicato Nacional das Administradoras de Cons\u00f3rcios).<\/p><p>Para alcan\u00e7ar seus objetivos e metas, o\u00a0<strong>CONS\u00d3RCIO GROSCON<\/strong>, permanentemente, cria parcerias e projetos de sucesso para fidelizar os atuais clientes, com um relacionamento pautado na confian\u00e7a e forma\u00e7\u00e3o de novas alian\u00e7as visando o aumento de sua capacidade de conquista de clientes futuros.<\/p>\t\t\t\t\t\t\t\t<\/div>\n\t\t\t\t<\/div>\n\t\t\t\t\t<\/div>\n\t\t<\/div>\n\t\t\t\t\t<\/div>\n\t\t<\/section>\n\t\t\t\t<section class=\"elementor-section elementor-top-section elementor-element elementor-element-5295198 elementor-section-full_width elementor-section-height-default elementor-section-height-default jltma-glass-effect-no\" data-id=\"5295198\" data-element_type=\"section\" data-e-type=\"section\">\n\t\t\t\t\t\t<div class=\"elementor-container elementor-column-gap-no\">\n\t\t\t\t\t<div class=\"elementor-column elementor-col-50 elementor-top-column elementor-element elementor-element-cd26a68 jltma-glass-effect-no\" data-id=\"cd26a68\" data-element_type=\"column\" data-e-type=\"column\">\n\t\t\t<div class=\"elementor-widget-wrap elementor-element-populated\">\n\t\t\t\t\t\t<div class=\"elementor-element elementor-element-ed8b5b5 jltma-glass-effect-no elementor-widget elementor-widget-image\" data-id=\"ed8b5b5\" data-element_type=\"widget\" data-e-type=\"widget\" data-widget_type=\"image.default\">\n\t\t\t\t<div class=\"elementor-widget-container\">\n\t\t\t\t\t\t\t\t\t\t\t\t\t\t\t<img fetchpriority=\"high\" decoding=\"async\" width=\"1000\" height=\"500\" src=\"https:\/\/consorciogroscon.com.br\/novo\/wp-content\/uploads\/2021\/03\/banner-01-1-1.png\" class=\"attachment-large size-large wp-image-830\" alt=\"\" srcset=\"https:\/\/consorciogroscon.com.br\/novo\/wp-content\/uploads\/2021\/03\/banner-01-1-1.png 1000w, https:\/\/consorciogroscon.com.br\/novo\/wp-content\/uploads\/2021\/03\/banner-01-1-1-300x150.png 300w, https:\/\/consorciogroscon.com.br\/novo\/wp-content\/uploads\/2021\/03\/banner-01-1-1-768x384.png 768w\" sizes=\"(max-width: 1000px) 100vw, 1000px\" \/>\t\t\t\t\t\t\t\t\t\t\t\t\t\t\t<\/div>\n\t\t\t\t<\/div>\n\t\t\t\t\t<\/div>\n\t\t<\/div>\n\t\t\t\t<div class=\"elementor-column elementor-col-50 elementor-top-column elementor-element elementor-element-c0cb04b jltma-glass-effect-no\" data-id=\"c0cb04b\" data-element_type=\"column\" data-e-type=\"column\">\n\t\t\t<div class=\"elementor-widget-wrap elementor-element-populated\">\n\t\t\t\t\t\t<div class=\"elementor-element elementor-element-43191c9 jltma-glass-effect-no elementor-widget elementor-widget-image\" data-id=\"43191c9\" data-element_type=\"widget\" data-e-type=\"widget\" data-widget_type=\"image.default\">\n\t\t\t\t<div class=\"elementor-widget-container\">\n\t\t\t\t\t\t\t\t\t\t\t\t\t\t\t<img decoding=\"async\" width=\"1000\" height=\"500\" src=\"https:\/\/consorciogroscon.com.br\/novo\/wp-content\/uploads\/2021\/03\/banner-02-1.png\" class=\"attachment-large size-large wp-image-831\" alt=\"\" srcset=\"https:\/\/consorciogroscon.com.br\/novo\/wp-content\/uploads\/2021\/03\/banner-02-1.png 1000w, https:\/\/consorciogroscon.com.br\/novo\/wp-content\/uploads\/2021\/03\/banner-02-1-300x150.png 300w, https:\/\/consorciogroscon.com.br\/novo\/wp-content\/uploads\/2021\/03\/banner-02-1-768x384.png 768w\" sizes=\"(max-width: 1000px) 100vw, 1000px\" \/>\t\t\t\t\t\t\t\t\t\t\t\t\t\t\t<\/div>\n\t\t\t\t<\/div>\n\t\t\t\t\t<\/div>\n\t\t<\/div>\n\t\t\t\t\t<\/div>\n\t\t<\/section>\n\t\t\t\t<section class=\"elementor-section elementor-top-section elementor-element elementor-element-f863817 elementor-section-boxed elementor-section-height-default elementor-section-height-default jltma-glass-effect-no\" data-id=\"f863817\" data-element_type=\"section\" data-e-type=\"section\">\n\t\t\t\t\t\t<div class=\"elementor-container elementor-column-gap-default\">\n\t\t\t\t\t<div class=\"elementor-column elementor-col-100 elementor-top-column elementor-element elementor-element-dea4211 jltma-glass-effect-no\" data-id=\"dea4211\" data-element_type=\"column\" data-e-type=\"column\">\n\t\t\t<div class=\"elementor-widget-wrap elementor-element-populated\">\n\t\t\t\t\t\t<div class=\"elementor-element elementor-element-fcdfadb jltma-glass-effect-no elementor-widget elementor-widget-text-editor\" data-id=\"fcdfadb\" data-element_type=\"widget\" data-e-type=\"widget\" data-widget_type=\"text-editor.default\">\n\t\t\t\t<div class=\"elementor-widget-container\">\n\t\t\t\t\t\t\t\t\t<p>O <strong>CONS\u00d3RCIO GROSCON<\/strong> est\u00e1 estabelecido em sede pr\u00f3pria na cidade de Franca\/SP e atua no mercado de cons\u00f3rcios desde 1990, sempre desfrutando da mais alta confiabilidade nas localidades que atua, surpreendendo o mercado com a versatilidade e inova\u00e7\u00e3o de seus planos.<\/p><p>Atuamos nos segmentos de autom\u00f3veis, caminh\u00f5es, motocicletas, aquisi\u00e7\u00e3o de im\u00f3veis, reforma ou constru\u00e7\u00e3o, m\u00e1quinas e equipamentos pesados e tamb\u00e9m cons\u00f3rcios para servi\u00e7os, com planos que variam de 12 a 200 meses.<\/p><p>Estamos presentes em diversos pontos de vendas, inclusive diversas concession\u00e1rias de ve\u00edculos, nos consolidando como uma das mais respeitadas empresas do setor, o que \u00e9 fruto de um trabalho s\u00e9rio, transparente e de qualidade.<\/p><p>Tamb\u00e9m trabalhamos fortemente com grupos fechados para entidades de classe, o que \u00e9 um grande diferencial.<\/p><p>O <strong>CONS\u00d3RCIO GROSCON<\/strong> tamb\u00e9m privilegia a busca constante da otimiza\u00e7\u00e3o dos resultados a fim de promover o desenvolvimento das atividades de vendas, posicionando-se de forma \u00e1gil e eficiente perante o mercado e consequentemente obtendo lucro no resultado final juntamente com seus parceiros, fornecedores e colaboradores.<\/p>\t\t\t\t\t\t\t\t<\/div>\n\t\t\t\t<\/div>\n\t\t\t\t\t<\/div>\n\t\t<\/div>\n\t\t\t\t\t<\/div>\n\t\t<\/section>\n\t\t\t\t<section class=\"elementor-section elementor-top-section elementor-element elementor-element-13ffaa8 elementor-section-height-min-height elementor-section-stretched elementor-section-boxed elementor-section-height-default elementor-section-items-middle jltma-glass-effect-no\" data-id=\"13ffaa8\" data-element_type=\"section\" data-e-type=\"section\" data-settings=\"{&quot;background_background&quot;:&quot;classic&quot;,&quot;stretch_section&quot;:&quot;section-stretched&quot;}\">\n\t\t\t\t\t\t\t<div class=\"elementor-background-overlay\"><\/div>\n\t\t\t\t\t\t\t<div class=\"elementor-container elementor-column-gap-default\">\n\t\t\t\t\t<div class=\"elementor-column elementor-col-100 elementor-top-column elementor-element elementor-element-6b7a59c jltma-glass-effect-no\" data-id=\"6b7a59c\" data-element_type=\"column\" data-e-type=\"column\">\n\t\t\t<div class=\"elementor-widget-wrap elementor-element-populated\">\n\t\t\t\t\t\t<div class=\"elementor-element elementor-element-71dc3e1 jltma-glass-effect-no elementor-widget elementor-widget-image\" data-id=\"71dc3e1\" data-element_type=\"widget\" data-e-type=\"widget\" data-widget_type=\"image.default\">\n\t\t\t\t<div class=\"elementor-widget-container\">\n\t\t\t\t\t\t\t\t\t\t\t\t\t\t\t\t<a href=\"https:\/\/www.youtube.com\/watch?v=BrDDFl6aUTE\" target=\"_blank\">\n\t\t\t\t\t\t\t<img decoding=\"async\" width=\"1024\" height=\"124\" src=\"https:\/\/consorciogroscon.com.br\/novo\/wp-content\/uploads\/2022\/06\/BANNERLARANJA-1024x124.png\" class=\"attachment-large size-large wp-image-2803\" alt=\"\" srcset=\"https:\/\/consorciogroscon.com.br\/novo\/wp-content\/uploads\/2022\/06\/BANNERLARANJA-1024x124.png 1024w, https:\/\/consorciogroscon.com.br\/novo\/wp-content\/uploads\/2022\/06\/BANNERLARANJA-300x36.png 300w, https:\/\/consorciogroscon.com.br\/novo\/wp-content\/uploads\/2022\/06\/BANNERLARANJA-768x93.png 768w, https:\/\/consorciogroscon.com.br\/novo\/wp-content\/uploads\/2022\/06\/BANNERLARANJA-1536x186.png 1536w, https:\/\/consorciogroscon.com.br\/novo\/wp-content\/uploads\/2022\/06\/BANNERLARANJA.png 1919w\" sizes=\"(max-width: 1024px) 100vw, 1024px\" \/>\t\t\t\t\t\t\t\t<\/a>\n\t\t\t\t\t\t\t\t\t\t\t\t\t\t\t<\/div>\n\t\t\t\t<\/div>\n\t\t\t\t\t<\/div>\n\t\t<\/div>\n\t\t\t\t\t<\/div>\n\t\t<\/section>\n\t\t\t\t<section class=\"elementor-section elementor-top-section elementor-element elementor-element-4b5837f elementor-section-full_width elementor-section-height-default elementor-section-height-default jltma-glass-effect-no\" data-id=\"4b5837f\" data-element_type=\"section\" data-e-type=\"section\" data-settings=\"{&quot;background_background&quot;:&quot;classic&quot;}\">\n\t\t\t\t\t\t<div class=\"elementor-container elementor-column-gap-default\">\n\t\t\t\t\t<div class=\"elementor-column elementor-col-100 elementor-top-column elementor-element elementor-element-086ac62 jltma-glass-effect-no\" data-id=\"086ac62\" data-element_type=\"column\" data-e-type=\"column\">\n\t\t\t<div class=\"elementor-widget-wrap elementor-element-populated\">\n\t\t\t\t\t\t<div class=\"elementor-element elementor-element-bc4469f jltma-glass-effect-no elementor-widget elementor-widget-image\" data-id=\"bc4469f\" data-element_type=\"widget\" data-e-type=\"widget\" data-widget_type=\"image.default\">\n\t\t\t\t<div class=\"elementor-widget-container\">\n\t\t\t\t\t\t\t\t\t\t\t\t\t\t\t\t<a href=\"https:\/\/www.instagram.com\/consorciogroscon\/\" target=\"_blank\">\n\t\t\t\t\t\t\t<img loading=\"lazy\" decoding=\"async\" width=\"540\" height=\"79\" src=\"https:\/\/consorciogroscon.com.br\/novo\/wp-content\/uploads\/2021\/03\/siga-nos.png\" class=\"attachment-large size-large wp-image-402\" alt=\"\" srcset=\"https:\/\/consorciogroscon.com.br\/novo\/wp-content\/uploads\/2021\/03\/siga-nos.png 540w, https:\/\/consorciogroscon.com.br\/novo\/wp-content\/uploads\/2021\/03\/siga-nos-300x44.png 300w\" sizes=\"(max-width: 540px) 100vw, 540px\" \/>\t\t\t\t\t\t\t\t<\/a>\n\t\t\t\t\t\t\t\t\t\t\t\t\t\t\t<\/div>\n\t\t\t\t<\/div>\n\t\t\t\t\t<\/div>\n\t\t<\/div>\n\t\t\t\t\t<\/div>\n\t\t<\/section>\n\t\t\t\t<section class=\"elementor-section elementor-top-section elementor-element elementor-element-4d064e48 rodape elementor-section-boxed elementor-section-height-default elementor-section-height-default jltma-glass-effect-no\" data-id=\"4d064e48\" data-element_type=\"section\" data-e-type=\"section\" data-settings=\"{&quot;background_background&quot;:&quot;classic&quot;}\">\n\t\t\t\t\t\t<div class=\"elementor-container elementor-column-gap-default\">\n\t\t\t\t\t<div class=\"elementor-column elementor-col-33 elementor-top-column elementor-element elementor-element-54f029d7 jltma-glass-effect-no\" data-id=\"54f029d7\" data-element_type=\"column\" data-e-type=\"column\">\n\t\t\t<div class=\"elementor-widget-wrap elementor-element-populated\">\n\t\t\t\t\t\t<div class=\"elementor-element elementor-element-208ecbd8 jltma-glass-effect-no elementor-widget elementor-widget-text-editor\" data-id=\"208ecbd8\" data-element_type=\"widget\" data-e-type=\"widget\" data-widget_type=\"text-editor.default\">\n\t\t\t\t<div class=\"elementor-widget-container\">\n\t\t\t\t\t\t\t\t\t<p><img loading=\"lazy\" decoding=\"async\" class=\"alignnone size-medium wp-image-745\" src=\"http:\/\/consorciogroscon.com.br\/novo\/wp-content\/uploads\/2021\/03\/groscon-branco-300x66.png\" alt=\"\" width=\"300\" height=\"66\" srcset=\"https:\/\/consorciogroscon.com.br\/novo\/wp-content\/uploads\/2021\/03\/groscon-branco-300x66.png 300w, https:\/\/consorciogroscon.com.br\/novo\/wp-content\/uploads\/2021\/03\/groscon-branco.png 511w\" sizes=\"(max-width: 300px) 100vw, 300px\" \/><\/p><p><a href=\"https:\/\/consorciogroscon.com.br\/novo\/sobre-nos\/\">Quem Somos<\/a><br \/><a href=\"https:\/\/consorciogroscon.com.br\/novo\/duvidas-frequentes\/\">D\u00favidas Frequentes<\/a><br \/><a href=\"https:\/\/consorciogroscon.com.br\/novo\/codigo-de-etica\/\">C\u00f3digo de \u00c9tica GROSCON<\/a><br \/><a href=\"https:\/\/consorciogroscon.com.br\/novo\/parceiros\/\">Parceiros<\/a><br \/><a href=\"https:\/\/consorciogroscon.com.br\/novo\/trabalhe-conosco\/\">Trabalhe Conosco<\/a><br \/><a href=\"https:\/\/consorciogroscon.com.br\/novo\/contato\/\">Fale Conosco<\/a><br \/><a href=\"https:\/\/consorciogroscon.com.br\/novo\/demonstracoes-financeiras\/\" rel=\"noopener\">Demonstra\u00e7\u00f5es Financeiras<\/a><br \/><a href=\"https:\/\/consorciogroscon.com.br\/novo\/wp-content\/uploads\/2021\/03\/manual-de-pld-e-cft.html\" target=\"_blank\" rel=\"noopener\">Manual de PLD e CFT<\/a><br \/><a href=\"https:\/\/consorciogroscon.com.br\/novo\/wp-content\/uploads\/2021\/03\/politica-de-privacidade-do-consorcio-nacional-groscon.pdf\" target=\"_blank\" rel=\"noopener\">Pol\u00edtica de Privacidade de Dados<\/a><br \/><a href=\"https:\/\/consorciogroscon.com.br\/novo\/wp-content\/uploads\/2022\/01\/relatorio-ouvidoria-01-2021.pdf\" target=\"_blank\" rel=\"noopener\">Relat\u00f3rio Ouvidoria<\/a><\/p>\t\t\t\t\t\t\t\t<\/div>\n\t\t\t\t<\/div>\n\t\t\t\t\t<\/div>\n\t\t<\/div>\n\t\t\t\t<div class=\"elementor-column elementor-col-33 elementor-top-column elementor-element elementor-element-44ac68e3 jltma-glass-effect-no\" data-id=\"44ac68e3\" data-element_type=\"column\" data-e-type=\"column\">\n\t\t\t<div class=\"elementor-widget-wrap elementor-element-populated\">\n\t\t\t\t\t\t<div class=\"elementor-element elementor-element-6f90fb59 jltma-glass-effect-no elementor-widget elementor-widget-text-editor\" data-id=\"6f90fb59\" data-element_type=\"widget\" data-e-type=\"widget\" data-widget_type=\"text-editor.default\">\n\t\t\t\t<div class=\"elementor-widget-container\">\n\t\t\t\t\t\t\t\t\t<h3><strong>ENDERE\u00c7O<\/strong><\/h3>\n<p><i class=\"fa fa-map-marker\"><\/i> Rua: S\u00e3o Sebasti\u00e3o do Paraiso, 1035<br>Jd. Francano &#8211; Franca \/ SP &#8211; CEP 14405-010<br><i class=\"fa fa-envelope\"><\/i> groscon@consorciogroscon.com.br<br><i class=\"fa fa-phone\"><\/i> Telefone: (016) 3707-5500<br><i class=\"fa fa-phone\"><\/i> SAC\/Ouvidoria 0800-940-3636<br>De Seg. \u00e0 Sex. das 8h \u00e0s 18h<\/p>\t\t\t\t\t\t\t\t<\/div>\n\t\t\t\t<\/div>\n\t\t\t\t<div class=\"elementor-element elementor-element-1ea828a2 jltma-glass-effect-no elementor-widget elementor-widget-html\" data-id=\"1ea828a2\" data-element_type=\"widget\" data-e-type=\"widget\" data-widget_type=\"html.default\">\n\t\t\t\t<div class=\"elementor-widget-container\">\n\t\t\t\t\t<a class=\"elementor-icon sociais-icon\" href=\"https:\/\/www.facebook.com\/ConsorcioGrosconOficial\/\" target=\"_blank\">\r\n\t\t\t<i aria-hidden=\"true\" class=\"fab fa-facebook-square\"><\/i>\t\t\t<\/a>\r\n<a class=\"elementor-icon sociais-icon\" href=\"https:\/\/www.youtube.com\/channel\/UCoMLUnwHbj0BaUfPg5MJFpw\" target=\"_blank\">\r\n\t\t\t<i aria-hidden=\"true\" class=\"fab fa-youtube\"><\/i>\t\t\t<\/a>\r\n<a class=\"elementor-icon sociais-icon\" href=\"https:\/\/www.instagram.com\/ConsorcioGroscon\/\" target=\"_blank\">\r\n\t\t\t<i aria-hidden=\"true\" class=\"fab fa-instagram\"><\/i>\t\t\t<\/a>\t\t\t\t<\/div>\n\t\t\t\t<\/div>\n\t\t\t\t\t<\/div>\n\t\t<\/div>\n\t\t\t\t<div class=\"elementor-column elementor-col-33 elementor-top-column elementor-element elementor-element-409c8bd4 jltma-glass-effect-no\" data-id=\"409c8bd4\" data-element_type=\"column\" data-e-type=\"column\">\n\t\t\t<div class=\"elementor-widget-wrap elementor-element-populated\">\n\t\t\t\t\t\t<div class=\"elementor-element elementor-element-170f886a jltma-glass-effect-no elementor-widget elementor-widget-text-editor\" data-id=\"170f886a\" data-element_type=\"widget\" data-e-type=\"widget\" data-widget_type=\"text-editor.default\">\n\t\t\t\t<div class=\"elementor-widget-container\">\n\t\t\t\t\t\t\t\t\t<h3><strong>SIMULE<\/strong><\/h3><p><a href=\"https:\/\/consorciogroscon.com.br\/novo\/simule-imovel\/\">Simular Cons\u00f3rcio de Im\u00f3veis<\/a><br \/><a href=\"https:\/\/consorciogroscon.com.br\/novo\/simule-auto\/\">Simular Cons\u00f3rcio de Autom\u00f3vel<\/a><br \/><a href=\"https:\/\/consorciogroscon.com.br\/novo\/simule-caminhoes\/\">Simular Cons\u00f3rcio de Caminh\u00e3o<\/a><\/p><p><span class=\"azul-claro\">N\u00e3o comercializamos cotas contempladas. Em caso de d\u00favidas, entre em contato com nossa Central de Atendimento.<\/span><\/p>\t\t\t\t\t\t\t\t<\/div>\n\t\t\t\t<\/div>\n\t\t\t\t\t<\/div>\n\t\t<\/div>\n\t\t\t\t\t<\/div>\n\t\t<\/section>\n\t\t\t\t<section class=\"elementor-section elementor-top-section elementor-element elementor-element-9e575fb elementor-section-boxed elementor-section-height-default elementor-section-height-default jltma-glass-effect-no\" data-id=\"9e575fb\" data-element_type=\"section\" data-e-type=\"section\">\n\t\t\t\t\t\t<div class=\"elementor-container elementor-column-gap-default\">\n\t\t\t\t\t<div class=\"elementor-column elementor-col-100 elementor-top-column elementor-element elementor-element-2b6c80c jltma-glass-effect-no\" data-id=\"2b6c80c\" data-element_type=\"column\" data-e-type=\"column\">\n\t\t\t<div class=\"elementor-widget-wrap\">\n\t\t\t\t\t\t\t<\/div>\n\t\t<\/div>\n\t\t\t\t\t<\/div>\n\t\t<\/section>\n\t\t\t\t<\/div>\n\t\t","protected":false},"excerpt":{"rendered":"<p>SOBRE N\u00d3S \u00a0 A GROSCON ADMINISTRADORA DE CONS\u00d3RCIOS LTDA tem como objetivo administrar com responsabilidade os recursos de terceiros, bem como, atender e proporcionar a seus clientes ampla satisfa\u00e7\u00e3o, fornecendo presta\u00e7\u00e3o de servi\u00e7os em conformidade com o Regulamento do Sistema de Cons\u00f3rcios adotado pelo Banco Central do Brasil e entidades de prote\u00e7\u00e3o ao consumidor, estando&hellip;&nbsp;<a href=\"https:\/\/consorciogroscon.com.br\/novo\/sobre-nos\/\" class=\"\" rel=\"bookmark\">Continue a ler &raquo;<span class=\"screen-reader-text\">SOBRE N\u00d3S<\/span><\/a><\/p>\n","protected":false},"author":1,"featured_media":0,"parent":0,"menu_order":0,"comment_status":"closed","ping_status":"closed","template":"elementor_header_footer","meta":{"telegram_tosend":false,"telegram_tosend_message":"","telegram_tosend_target":0,"neve_meta_sidebar":"full-width","neve_meta_container":"","neve_meta_enable_content_width":"on","neve_meta_content_width":100,"neve_meta_title_alignment":"","neve_meta_author_avatar":"","neve_post_elements_order":"","neve_meta_disable_header":"","neve_meta_disable_footer":"","neve_meta_disable_title":"","_themeisle_gutenberg_block_has_review":false,"footnotes":""},"class_list":["post-359","page","type-page","status-publish","hentry"],"_links":{"self":[{"href":"https:\/\/consorciogroscon.com.br\/novo\/wp-json\/wp\/v2\/pages\/359","targetHints":{"allow":["GET"]}}],"collection":[{"href":"https:\/\/consorciogroscon.com.br\/novo\/wp-json\/wp\/v2\/pages"}],"about":[{"href":"https:\/\/consorciogroscon.com.br\/novo\/wp-json\/wp\/v2\/types\/page"}],"author":[{"embeddable":true,"href":"https:\/\/consorciogroscon.com.br\/novo\/wp-json\/wp\/v2\/users\/1"}],"replies":[{"embeddable":true,"href":"https:\/\/consorciogroscon.com.br\/novo\/wp-json\/wp\/v2\/comments?post=359"}],"version-history":[{"count":197,"href":"https:\/\/consorciogroscon.com.br\/novo\/wp-json\/wp\/v2\/pages\/359\/revisions"}],"predecessor-version":[{"id":3229,"href":"https:\/\/consorciogroscon.com.br\/novo\/wp-json\/wp\/v2\/pages\/359\/revisions\/3229"}],"wp:attachment":[{"href":"https:\/\/consorciogroscon.com.br\/novo\/wp-json\/wp\/v2\/media?parent=359"}],"curies":[{"name":"wp","href":"https:\/\/api.w.org\/{rel}","templated":true}]}}