{"id":493,"date":"2021-03-08T13:49:10","date_gmt":"2021-03-08T16:49:10","guid":{"rendered":"http:\/\/consorciogroscon.com.br\/novo\/?page_id=493"},"modified":"2022-06-20T17:43:34","modified_gmt":"2022-06-20T20:43:34","slug":"responsabilidade-social","status":"publish","type":"page","link":"https:\/\/consorciogroscon.com.br\/novo\/responsabilidade-social\/","title":{"rendered":"RESPONSABILIDADE SOCIAL"},"content":{"rendered":"\t\t<div data-elementor-type=\"wp-page\" data-elementor-id=\"493\" class=\"elementor elementor-493\">\n\t\t\t\t\t\t<section class=\"elementor-section elementor-top-section elementor-element elementor-element-4588bdf elementor-section-full_width elementor-section-height-default elementor-section-height-default jltma-glass-effect-no\" data-id=\"4588bdf\" data-element_type=\"section\" data-e-type=\"section\">\n\t\t\t\t\t\t<div class=\"elementor-container elementor-column-gap-no\">\n\t\t\t\t\t<div class=\"elementor-column elementor-col-100 elementor-top-column elementor-element elementor-element-b679dcd jltma-glass-effect-no\" data-id=\"b679dcd\" data-element_type=\"column\" data-e-type=\"column\">\n\t\t\t<div class=\"elementor-widget-wrap elementor-element-populated\">\n\t\t\t\t\t\t<div class=\"elementor-element elementor-element-47ee8d6 elementor-widget__width-inherit jltma-glass-effect-no elementor-widget elementor-widget-heading\" data-id=\"47ee8d6\" data-element_type=\"widget\" data-e-type=\"widget\" data-widget_type=\"heading.default\">\n\t\t\t\t<div class=\"elementor-widget-container\">\n\t\t\t\t\t<h1 class=\"elementor-heading-title elementor-size-default\">RESPONSABILIDADE SOCIAL<\/h1>\t\t\t\t<\/div>\n\t\t\t\t<\/div>\n\t\t\t\t\t<\/div>\n\t\t<\/div>\n\t\t\t\t\t<\/div>\n\t\t<\/section>\n\t\t\t\t<section class=\"elementor-section elementor-top-section elementor-element elementor-element-35bbc59 elementor-section-boxed elementor-section-height-default elementor-section-height-default jltma-glass-effect-no\" data-id=\"35bbc59\" data-element_type=\"section\" data-e-type=\"section\">\n\t\t\t\t\t\t<div class=\"elementor-container elementor-column-gap-default\">\n\t\t\t\t\t<div class=\"elementor-column elementor-col-100 elementor-top-column elementor-element elementor-element-0b35f1c jltma-glass-effect-no\" data-id=\"0b35f1c\" data-element_type=\"column\" data-e-type=\"column\">\n\t\t\t<div class=\"elementor-widget-wrap elementor-element-populated\">\n\t\t\t\t\t\t<div class=\"elementor-element elementor-element-767a989 jltma-glass-effect-no elementor-widget elementor-widget-heading\" data-id=\"767a989\" data-element_type=\"widget\" data-e-type=\"widget\" data-widget_type=\"heading.default\">\n\t\t\t\t<div class=\"elementor-widget-container\">\n\t\t\t\t\t<h2 class=\"elementor-heading-title elementor-size-default\">Vamos falar sobre Responsabilidade Social?<\/h2>\t\t\t\t<\/div>\n\t\t\t\t<\/div>\n\t\t\t\t\t<\/div>\n\t\t<\/div>\n\t\t\t\t\t<\/div>\n\t\t<\/section>\n\t\t\t\t<section class=\"elementor-section elementor-top-section elementor-element elementor-element-a46bd77 elementor-section-boxed elementor-section-height-default elementor-section-height-default jltma-glass-effect-no\" data-id=\"a46bd77\" data-element_type=\"section\" data-e-type=\"section\">\n\t\t\t\t\t\t<div class=\"elementor-container elementor-column-gap-default\">\n\t\t\t\t\t<div class=\"elementor-column elementor-col-100 elementor-top-column elementor-element elementor-element-daf7d93 jltma-glass-effect-no\" data-id=\"daf7d93\" data-element_type=\"column\" data-e-type=\"column\">\n\t\t\t<div class=\"elementor-widget-wrap elementor-element-populated\">\n\t\t\t\t\t\t<div class=\"elementor-element elementor-element-d4befb5 jltma-glass-effect-no elementor-widget elementor-widget-text-editor\" data-id=\"d4befb5\" data-element_type=\"widget\" data-e-type=\"widget\" data-widget_type=\"text-editor.default\">\n\t\t\t\t<div class=\"elementor-widget-container\">\n\t\t\t\t\t\t\t\t\t<p>Responsabilidade Social \u00e9 quando as empresas decidem, voluntariamente, contribuir para uma sociedade mais justa e para um ambiente mais limpo.<\/p>\t\t\t\t\t\t\t\t<\/div>\n\t\t\t\t<\/div>\n\t\t\t\t\t<\/div>\n\t\t<\/div>\n\t\t\t\t\t<\/div>\n\t\t<\/section>\n\t\t\t\t<section class=\"elementor-section elementor-top-section elementor-element elementor-element-6738d69 elementor-section-boxed elementor-section-height-default elementor-section-height-default jltma-glass-effect-no\" data-id=\"6738d69\" data-element_type=\"section\" data-e-type=\"section\">\n\t\t\t\t\t\t<div class=\"elementor-container elementor-column-gap-default\">\n\t\t\t\t\t<div class=\"elementor-column elementor-col-100 elementor-top-column elementor-element elementor-element-441be6c jltma-glass-effect-no\" data-id=\"441be6c\" data-element_type=\"column\" data-e-type=\"column\">\n\t\t\t<div class=\"elementor-widget-wrap elementor-element-populated\">\n\t\t\t\t\t\t<div class=\"elementor-element elementor-element-7b6ac0b jltma-glass-effect-no elementor-widget elementor-widget-text-editor\" data-id=\"7b6ac0b\" data-element_type=\"widget\" data-e-type=\"widget\" data-widget_type=\"text-editor.default\">\n\t\t\t\t<div class=\"elementor-widget-container\">\n\t\t\t\t\t\t\t\t\t<div class=\"fw-row\"><div class=\"fw-col-xs-12\"><p>O conceito pode ser compreendido em dois n\u00edveis: o n\u00edvel interno relaciona-se com os trabalhadores e com todas as partes afetadas pela empresa e que, podem influenciar no alcance de resultados. O n\u00edvel externo s\u00e3o as consequ\u00eancias das a\u00e7\u00f5es de uma organiza\u00e7\u00e3o sobre o meio ambiente, os seus parceiros de neg\u00f3cio e o meio em que est\u00e3o inseridos.<\/p><\/div><\/div>\t\t\t\t\t\t\t\t<\/div>\n\t\t\t\t<\/div>\n\t\t\t\t\t<\/div>\n\t\t<\/div>\n\t\t\t\t\t<\/div>\n\t\t<\/section>\n\t\t\t\t<section class=\"elementor-section elementor-top-section elementor-element elementor-element-8ecb721 elementor-section-boxed elementor-section-height-default elementor-section-height-default jltma-glass-effect-no\" data-id=\"8ecb721\" data-element_type=\"section\" data-e-type=\"section\">\n\t\t\t\t\t\t<div class=\"elementor-container elementor-column-gap-default\">\n\t\t\t\t\t<div class=\"elementor-column elementor-col-100 elementor-top-column elementor-element elementor-element-6fc61c1 jltma-glass-effect-no\" data-id=\"6fc61c1\" data-element_type=\"column\" data-e-type=\"column\">\n\t\t\t<div class=\"elementor-widget-wrap elementor-element-populated\">\n\t\t\t\t\t\t<div class=\"elementor-element elementor-element-d086986 jltma-glass-effect-no elementor-widget elementor-widget-heading\" data-id=\"d086986\" data-element_type=\"widget\" data-e-type=\"widget\" data-widget_type=\"heading.default\">\n\t\t\t\t<div class=\"elementor-widget-container\">\n\t\t\t\t\t<h2 class=\"elementor-heading-title elementor-size-default\">Os 4 Eixos da Responsabilidade Social da Groscon<\/h2>\t\t\t\t<\/div>\n\t\t\t\t<\/div>\n\t\t\t\t\t<\/div>\n\t\t<\/div>\n\t\t\t\t\t<\/div>\n\t\t<\/section>\n\t\t\t\t<section class=\"elementor-section elementor-top-section elementor-element elementor-element-486565b elementor-section-content-top elementor-section-full_width elementor-section-height-default elementor-section-height-default jltma-glass-effect-no\" data-id=\"486565b\" data-element_type=\"section\" data-e-type=\"section\" data-settings=\"{&quot;background_background&quot;:&quot;classic&quot;}\">\n\t\t\t\t\t\t\t<div class=\"elementor-background-overlay\"><\/div>\n\t\t\t\t\t\t\t<div class=\"elementor-container elementor-column-gap-no\">\n\t\t\t\t\t<div class=\"elementor-column elementor-col-66 elementor-top-column elementor-element elementor-element-4fcca4f jltma-glass-effect-no\" data-id=\"4fcca4f\" data-element_type=\"column\" data-e-type=\"column\" data-settings=\"{&quot;background_background&quot;:&quot;classic&quot;}\">\n\t\t\t<div class=\"elementor-widget-wrap elementor-element-populated\">\n\t\t\t\t\t\t<div class=\"elementor-element elementor-element-7bfd643 jltma-glass-effect-no elementor-widget elementor-widget-text-editor\" data-id=\"7bfd643\" data-element_type=\"widget\" data-e-type=\"widget\" data-widget_type=\"text-editor.default\">\n\t\t\t\t<div class=\"elementor-widget-container\">\n\t\t\t\t\t\t\t\t\t<h3>EIXO 1 &#8211; Qualidade de vida na empresa<\/h3><p>&#8211; Incentivo ao estudo<br \/>&#8211; Colaborador destaque do m\u00eas<br \/>&#8211; Avalia\u00e7\u00e3o de funcion\u00e1rios<br \/>&#8211; Cursos<br \/>&#8211; Treinamentos<br \/>&#8211; Trabalho do comprometimento pessoal e profissional<br \/>&#8211; Comemora\u00e7\u00e3o de anivers\u00e1rios \/ desempenho e outros<br \/>&#8211; Ora\u00e7\u00f5es Semanais<\/p>\t\t\t\t\t\t\t\t<\/div>\n\t\t\t\t<\/div>\n\t\t\t\t\t<\/div>\n\t\t<\/div>\n\t\t\t\t<div class=\"elementor-column elementor-col-33 elementor-top-column elementor-element elementor-element-6bfee8d jltma-glass-effect-no\" data-id=\"6bfee8d\" data-element_type=\"column\" data-e-type=\"column\" data-settings=\"{&quot;background_background&quot;:&quot;classic&quot;}\">\n\t\t\t<div class=\"elementor-widget-wrap elementor-element-populated\">\n\t\t\t\t\t\t<div class=\"elementor-element elementor-element-b26cb5f jltma-glass-effect-no elementor-widget elementor-widget-text-editor\" data-id=\"b26cb5f\" data-element_type=\"widget\" data-e-type=\"widget\" data-widget_type=\"text-editor.default\">\n\t\t\t\t<div class=\"elementor-widget-container\">\n\t\t\t\t\t\t\t\t\t<h3>EIXO 2 &#8211; Sa\u00fade e bem-estar<\/h3>\n<p>&#8211; Incentivo \u00e0 alimenta\u00e7\u00e3o saud\u00e1vel<br>&#8211; Incentivo \u00e0 pratica de exerc\u00edcios<br>&#8211; Ambiente saud\u00e1vel para o trabalho<\/p>\t\t\t\t\t\t\t\t<\/div>\n\t\t\t\t<\/div>\n\t\t\t\t\t<\/div>\n\t\t<\/div>\n\t\t\t\t\t<\/div>\n\t\t<\/section>\n\t\t\t\t<section class=\"elementor-section elementor-top-section elementor-element elementor-element-d7b76be elementor-section-full_width elementor-section-content-top elementor-section-height-default elementor-section-height-default jltma-glass-effect-no\" data-id=\"d7b76be\" data-element_type=\"section\" data-e-type=\"section\">\n\t\t\t\t\t\t<div class=\"elementor-container elementor-column-gap-no\">\n\t\t\t\t\t<div class=\"elementor-column elementor-col-33 elementor-top-column elementor-element elementor-element-8f44a46 jltma-glass-effect-no\" data-id=\"8f44a46\" data-element_type=\"column\" data-e-type=\"column\" data-settings=\"{&quot;background_background&quot;:&quot;classic&quot;}\">\n\t\t\t<div class=\"elementor-widget-wrap elementor-element-populated\">\n\t\t\t\t\t\t<div class=\"elementor-element elementor-element-3884b3e jltma-glass-effect-no elementor-widget elementor-widget-text-editor\" data-id=\"3884b3e\" data-element_type=\"widget\" data-e-type=\"widget\" data-widget_type=\"text-editor.default\">\n\t\t\t\t<div class=\"elementor-widget-container\">\n\t\t\t\t\t\t\t\t\t<h3>EIXO 3 &#8211; V\u00ednculo com a comunidade<\/h3><p>&#8211; Parceria com o Hospital do C\u00e2ncer de Franca<br \/>&#8211; Parceria com a Santa Casa de Barretos<br \/>&#8211; ONU Mulheres<br \/>&#8211; Campanhas solid\u00e1rias<br \/>&#8211; Parceria com APAE Franca<br \/>&#8211; Parceria com PROREAVI Franca<\/p>\t\t\t\t\t\t\t\t<\/div>\n\t\t\t\t<\/div>\n\t\t\t\t\t<\/div>\n\t\t<\/div>\n\t\t\t\t<div class=\"elementor-column elementor-col-66 elementor-top-column elementor-element elementor-element-d4aa0d1 jltma-glass-effect-no\" data-id=\"d4aa0d1\" data-element_type=\"column\" data-e-type=\"column\" data-settings=\"{&quot;background_background&quot;:&quot;classic&quot;}\">\n\t\t\t<div class=\"elementor-widget-wrap elementor-element-populated\">\n\t\t\t\t\t\t<div class=\"elementor-element elementor-element-4d5fb98 jltma-glass-effect-no elementor-widget elementor-widget-text-editor\" data-id=\"4d5fb98\" data-element_type=\"widget\" data-e-type=\"widget\" data-widget_type=\"text-editor.default\">\n\t\t\t\t<div class=\"elementor-widget-container\">\n\t\t\t\t\t\t\t\t\t<h3>EIXO 4 &#8211; Cuidados com o meio ambiente<\/h3>\n<p>&#8211; Reciclagem de lixo<br>&#8211; Digitaliza\u00e7\u00e3o de arquivos<br>&#8211; Ado\u00e7\u00e3o de pra\u00e7as<br>&#8211; Substitui\u00e7\u00e3o de copos descart\u00e1veis<br>&#8211; Reutiliza\u00e7\u00e3o de materiais<\/p>\t\t\t\t\t\t\t\t<\/div>\n\t\t\t\t<\/div>\n\t\t\t\t\t<\/div>\n\t\t<\/div>\n\t\t\t\t\t<\/div>\n\t\t<\/section>\n\t\t\t\t<section class=\"elementor-section elementor-top-section elementor-element elementor-element-1dc5bd99 elementor-section-full_width elementor-section-height-default elementor-section-height-default jltma-glass-effect-no\" data-id=\"1dc5bd99\" data-element_type=\"section\" data-e-type=\"section\" data-settings=\"{&quot;background_background&quot;:&quot;classic&quot;}\">\n\t\t\t\t\t\t<div class=\"elementor-container elementor-column-gap-no\">\n\t\t\t\t\t<div class=\"elementor-column elementor-col-100 elementor-top-column elementor-element elementor-element-15806f3f jltma-glass-effect-no\" data-id=\"15806f3f\" data-element_type=\"column\" data-e-type=\"column\">\n\t\t\t<div class=\"elementor-widget-wrap elementor-element-populated\">\n\t\t\t\t\t\t<div class=\"elementor-element elementor-element-2d234891 jltma-glass-effect-no elementor-widget elementor-widget-image\" data-id=\"2d234891\" data-element_type=\"widget\" data-e-type=\"widget\" data-widget_type=\"image.default\">\n\t\t\t\t<div class=\"elementor-widget-container\">\n\t\t\t\t\t\t\t\t\t\t\t\t\t\t\t\t<a href=\"https:\/\/www.instagram.com\/consorciogroscon\/\" target=\"_blank\">\n\t\t\t\t\t\t\t<img decoding=\"async\" width=\"540\" height=\"79\" src=\"https:\/\/consorciogroscon.com.br\/novo\/wp-content\/uploads\/2021\/03\/siga-nos.png\" class=\"attachment-large size-large wp-image-402\" alt=\"\" srcset=\"https:\/\/consorciogroscon.com.br\/novo\/wp-content\/uploads\/2021\/03\/siga-nos.png 540w, https:\/\/consorciogroscon.com.br\/novo\/wp-content\/uploads\/2021\/03\/siga-nos-300x44.png 300w\" sizes=\"(max-width: 540px) 100vw, 540px\" \/>\t\t\t\t\t\t\t\t<\/a>\n\t\t\t\t\t\t\t\t\t\t\t\t\t\t\t<\/div>\n\t\t\t\t<\/div>\n\t\t\t\t\t<\/div>\n\t\t<\/div>\n\t\t\t\t\t<\/div>\n\t\t<\/section>\n\t\t\t\t<section class=\"elementor-section elementor-top-section elementor-element elementor-element-61d8bca1 rodape elementor-section-boxed elementor-section-height-default elementor-section-height-default jltma-glass-effect-no\" data-id=\"61d8bca1\" data-element_type=\"section\" data-e-type=\"section\" data-settings=\"{&quot;background_background&quot;:&quot;classic&quot;}\">\n\t\t\t\t\t\t<div class=\"elementor-container elementor-column-gap-default\">\n\t\t\t\t\t<div class=\"elementor-column elementor-col-33 elementor-top-column elementor-element elementor-element-697cbc72 jltma-glass-effect-no\" data-id=\"697cbc72\" data-element_type=\"column\" data-e-type=\"column\">\n\t\t\t<div class=\"elementor-widget-wrap elementor-element-populated\">\n\t\t\t\t\t\t<div class=\"elementor-element elementor-element-6a40155f jltma-glass-effect-no elementor-widget elementor-widget-text-editor\" data-id=\"6a40155f\" data-element_type=\"widget\" data-e-type=\"widget\" data-widget_type=\"text-editor.default\">\n\t\t\t\t<div class=\"elementor-widget-container\">\n\t\t\t\t\t\t\t\t\t<p><img decoding=\"async\" class=\"alignnone size-medium wp-image-745\" src=\"http:\/\/consorciogroscon.com.br\/novo\/wp-content\/uploads\/2021\/03\/groscon-branco-300x66.png\" alt=\"\" width=\"300\" height=\"66\" srcset=\"https:\/\/consorciogroscon.com.br\/novo\/wp-content\/uploads\/2021\/03\/groscon-branco-300x66.png 300w, https:\/\/consorciogroscon.com.br\/novo\/wp-content\/uploads\/2021\/03\/groscon-branco.png 511w\" sizes=\"(max-width: 300px) 100vw, 300px\" \/><\/p><p><a href=\"https:\/\/consorciogroscon.com.br\/novo\/sobre-nos\/\">Quem Somos<\/a><br \/><a href=\"https:\/\/consorciogroscon.com.br\/novo\/duvidas-frequentes\/\">D\u00favidas Frequentes<\/a><br \/><a href=\"https:\/\/consorciogroscon.com.br\/novo\/codigo-de-etica\/\">C\u00f3digo de \u00c9tica GROSCON<\/a><br \/><a href=\"https:\/\/consorciogroscon.com.br\/novo\/parceiros\/\">Parceiros<\/a><br \/><a href=\"https:\/\/consorciogroscon.com.br\/novo\/trabalhe-conosco\/\">Trabalhe Conosco<\/a><br \/><a href=\"https:\/\/consorciogroscon.com.br\/novo\/contato\/\">Fale Conosco<\/a><br \/><a href=\"https:\/\/consorciogroscon.com.br\/novo\/demonstracoes-financeiras\/\" rel=\"noopener\">Demonstra\u00e7\u00f5es Financeiras<\/a><br \/><a href=\"https:\/\/consorciogroscon.com.br\/novo\/wp-content\/uploads\/2021\/03\/manual-de-pld-e-cft.html\" target=\"_blank\" rel=\"noopener\">Manual de PLD e CFT<\/a><br \/><a href=\"https:\/\/consorciogroscon.com.br\/novo\/wp-content\/uploads\/2021\/03\/politica-de-privacidade-do-consorcio-nacional-groscon.pdf\" target=\"_blank\" rel=\"noopener\">Pol\u00edtica de Privacidade de Dados<\/a><br \/><a href=\"https:\/\/consorciogroscon.com.br\/novo\/wp-content\/uploads\/2022\/01\/relatorio-ouvidoria-01-2021.pdf\" target=\"_blank\" rel=\"noopener\">Relat\u00f3rio Ouvidoria<\/a><\/p>\t\t\t\t\t\t\t\t<\/div>\n\t\t\t\t<\/div>\n\t\t\t\t\t<\/div>\n\t\t<\/div>\n\t\t\t\t<div class=\"elementor-column elementor-col-33 elementor-top-column elementor-element elementor-element-5c857cd3 jltma-glass-effect-no\" data-id=\"5c857cd3\" data-element_type=\"column\" data-e-type=\"column\">\n\t\t\t<div class=\"elementor-widget-wrap elementor-element-populated\">\n\t\t\t\t\t\t<div class=\"elementor-element elementor-element-ec7b368 jltma-glass-effect-no elementor-widget elementor-widget-text-editor\" data-id=\"ec7b368\" data-element_type=\"widget\" data-e-type=\"widget\" data-widget_type=\"text-editor.default\">\n\t\t\t\t<div class=\"elementor-widget-container\">\n\t\t\t\t\t\t\t\t\t<h3><strong>ENDERE\u00c7O<\/strong><\/h3>\n<p><i class=\"fa fa-map-marker\"><\/i> Rua: S\u00e3o Sebasti\u00e3o do Paraiso, 1035<br>Jd. Francano &#8211; Franca \/ SP &#8211; CEP 14405-010<br><i class=\"fa fa-envelope\"><\/i> groscon@consorciogroscon.com.br<br><i class=\"fa fa-phone\"><\/i> Telefone: (016) 3707-5500<br><i class=\"fa fa-phone\"><\/i> SAC\/Ouvidoria 0800-940-3636<br>De Seg. \u00e0 Sex. das 8h \u00e0s 18h<\/p>\t\t\t\t\t\t\t\t<\/div>\n\t\t\t\t<\/div>\n\t\t\t\t<div class=\"elementor-element elementor-element-2d3e1ba5 jltma-glass-effect-no elementor-widget elementor-widget-html\" data-id=\"2d3e1ba5\" data-element_type=\"widget\" data-e-type=\"widget\" data-widget_type=\"html.default\">\n\t\t\t\t<div class=\"elementor-widget-container\">\n\t\t\t\t\t<a class=\"elementor-icon sociais-icon\" href=\"https:\/\/www.facebook.com\/ConsorcioGrosconOficial\/\" target=\"_blank\">\r\n\t\t\t<i aria-hidden=\"true\" class=\"fab fa-facebook-square\"><\/i>\t\t\t<\/a>\r\n<a class=\"elementor-icon sociais-icon\" href=\"https:\/\/www.youtube.com\/channel\/UCoMLUnwHbj0BaUfPg5MJFpw\" target=\"_blank\">\r\n\t\t\t<i aria-hidden=\"true\" class=\"fab fa-youtube\"><\/i>\t\t\t<\/a>\r\n<a class=\"elementor-icon sociais-icon\" href=\"https:\/\/www.instagram.com\/ConsorcioGroscon\/\" target=\"_blank\">\r\n\t\t\t<i aria-hidden=\"true\" class=\"fab fa-instagram\"><\/i>\t\t\t<\/a>\t\t\t\t<\/div>\n\t\t\t\t<\/div>\n\t\t\t\t\t<\/div>\n\t\t<\/div>\n\t\t\t\t<div class=\"elementor-column elementor-col-33 elementor-top-column elementor-element elementor-element-5f84cbb4 jltma-glass-effect-no\" data-id=\"5f84cbb4\" data-element_type=\"column\" data-e-type=\"column\">\n\t\t\t<div class=\"elementor-widget-wrap elementor-element-populated\">\n\t\t\t\t\t\t<div class=\"elementor-element elementor-element-db7b14a jltma-glass-effect-no elementor-widget elementor-widget-text-editor\" data-id=\"db7b14a\" data-element_type=\"widget\" data-e-type=\"widget\" data-widget_type=\"text-editor.default\">\n\t\t\t\t<div class=\"elementor-widget-container\">\n\t\t\t\t\t\t\t\t\t<h3><strong>SIMULE<\/strong><\/h3><p><a href=\"https:\/\/consorciogroscon.com.br\/novo\/simule-imovel\/\">Simular Cons\u00f3rcio de Im\u00f3veis<\/a><br \/><a href=\"https:\/\/consorciogroscon.com.br\/novo\/simule-auto\/\">Simular Cons\u00f3rcio de Autom\u00f3vel<\/a><br \/><a href=\"https:\/\/consorciogroscon.com.br\/novo\/simule-caminhoes\/\">Simular Cons\u00f3rcio de Caminh\u00e3o<\/a><\/p><p><span class=\"azul-claro\">N\u00e3o comercializamos cotas contempladas. Em caso de d\u00favidas, entre em contato com nossa Central de Atendimento.<\/span><\/p>\t\t\t\t\t\t\t\t<\/div>\n\t\t\t\t<\/div>\n\t\t\t\t\t<\/div>\n\t\t<\/div>\n\t\t\t\t\t<\/div>\n\t\t<\/section>\n\t\t\t\t<\/div>\n\t\t","protected":false},"excerpt":{"rendered":"<p>RESPONSABILIDADE SOCIAL Vamos falar sobre Responsabilidade Social? Responsabilidade Social \u00e9 quando as empresas decidem, voluntariamente, contribuir para uma sociedade mais justa e para um ambiente mais limpo. O conceito pode ser compreendido em dois n\u00edveis: o n\u00edvel interno relaciona-se com os trabalhadores e com todas as partes afetadas pela empresa e que, podem influenciar no&hellip;&nbsp;<a href=\"https:\/\/consorciogroscon.com.br\/novo\/responsabilidade-social\/\" class=\"\" rel=\"bookmark\">Continue a ler &raquo;<span class=\"screen-reader-text\">RESPONSABILIDADE SOCIAL<\/span><\/a><\/p>\n","protected":false},"author":1,"featured_media":0,"parent":0,"menu_order":0,"comment_status":"closed","ping_status":"closed","template":"elementor_header_footer","meta":{"telegram_tosend":false,"telegram_tosend_message":"","telegram_tosend_target":0,"neve_meta_sidebar":"full-width","neve_meta_container":"","neve_meta_enable_content_width":"on","neve_meta_content_width":100,"neve_meta_title_alignment":"","neve_meta_author_avatar":"","neve_post_elements_order":"","neve_meta_disable_header":"","neve_meta_disable_footer":"","neve_meta_disable_title":"","_themeisle_gutenberg_block_has_review":false,"footnotes":""},"class_list":["post-493","page","type-page","status-publish","hentry"],"_links":{"self":[{"href":"https:\/\/consorciogroscon.com.br\/novo\/wp-json\/wp\/v2\/pages\/493","targetHints":{"allow":["GET"]}}],"collection":[{"href":"https:\/\/consorciogroscon.com.br\/novo\/wp-json\/wp\/v2\/pages"}],"about":[{"href":"https:\/\/consorciogroscon.com.br\/novo\/wp-json\/wp\/v2\/types\/page"}],"author":[{"embeddable":true,"href":"https:\/\/consorciogroscon.com.br\/novo\/wp-json\/wp\/v2\/users\/1"}],"replies":[{"embeddable":true,"href":"https:\/\/consorciogroscon.com.br\/novo\/wp-json\/wp\/v2\/comments?post=493"}],"version-history":[{"count":86,"href":"https:\/\/consorciogroscon.com.br\/novo\/wp-json\/wp\/v2\/pages\/493\/revisions"}],"predecessor-version":[{"id":2986,"href":"https:\/\/consorciogroscon.com.br\/novo\/wp-json\/wp\/v2\/pages\/493\/revisions\/2986"}],"wp:attachment":[{"href":"https:\/\/consorciogroscon.com.br\/novo\/wp-json\/wp\/v2\/media?parent=493"}],"curies":[{"name":"wp","href":"https:\/\/api.w.org\/{rel}","templated":true}]}}