{"id":511,"date":"2021-03-08T13:51:46","date_gmt":"2021-03-08T16:51:46","guid":{"rendered":"http:\/\/consorciogroscon.com.br\/novo\/?page_id=511"},"modified":"2022-06-20T17:36:20","modified_gmt":"2022-06-20T20:36:20","slug":"calendario-de-assembleias","status":"publish","type":"page","link":"https:\/\/consorciogroscon.com.br\/novo\/calendario-de-assembleias\/","title":{"rendered":"CALEND\u00c1RIO DE ASSEMBLEIAS"},"content":{"rendered":"\t\t<div data-elementor-type=\"wp-page\" data-elementor-id=\"511\" class=\"elementor elementor-511\">\n\t\t\t\t\t\t<section class=\"elementor-section elementor-top-section elementor-element elementor-element-dd0f093 elementor-section-full_width elementor-section-height-default elementor-section-height-default jltma-glass-effect-no\" data-id=\"dd0f093\" data-element_type=\"section\" data-e-type=\"section\">\n\t\t\t\t\t\t<div class=\"elementor-container elementor-column-gap-no\">\n\t\t\t\t\t<div class=\"elementor-column elementor-col-100 elementor-top-column elementor-element elementor-element-0ba6109 jltma-glass-effect-no\" data-id=\"0ba6109\" data-element_type=\"column\" data-e-type=\"column\">\n\t\t\t<div class=\"elementor-widget-wrap elementor-element-populated\">\n\t\t\t\t\t\t<div class=\"elementor-element elementor-element-5285d50 elementor-widget__width-inherit jltma-glass-effect-no elementor-widget elementor-widget-heading\" data-id=\"5285d50\" data-element_type=\"widget\" data-e-type=\"widget\" data-widget_type=\"heading.default\">\n\t\t\t\t<div class=\"elementor-widget-container\">\n\t\t\t\t\t<h1 class=\"elementor-heading-title elementor-size-default\">CALEND\u00c1RIO DE ASSEMBLEIAS<\/h1>\t\t\t\t<\/div>\n\t\t\t\t<\/div>\n\t\t\t\t\t<\/div>\n\t\t<\/div>\n\t\t\t\t\t<\/div>\n\t\t<\/section>\n\t\t\t\t<section class=\"elementor-section elementor-top-section elementor-element elementor-element-fa9a215 elementor-section-boxed elementor-section-height-default elementor-section-height-default jltma-glass-effect-no\" data-id=\"fa9a215\" data-element_type=\"section\" data-e-type=\"section\">\n\t\t\t\t\t\t<div class=\"elementor-container elementor-column-gap-default\">\n\t\t\t\t\t<div class=\"elementor-column elementor-col-100 elementor-top-column elementor-element elementor-element-804dc49 jltma-glass-effect-no\" data-id=\"804dc49\" data-element_type=\"column\" data-e-type=\"column\">\n\t\t\t<div class=\"elementor-widget-wrap elementor-element-populated\">\n\t\t\t\t\t\t<div class=\"elementor-element elementor-element-d28c0b5 jltma-glass-effect-no elementor-widget elementor-widget-heading\" data-id=\"d28c0b5\" data-element_type=\"widget\" data-e-type=\"widget\" data-widget_type=\"heading.default\">\n\t\t\t\t<div class=\"elementor-widget-container\">\n\t\t\t\t\t<h2 class=\"elementor-heading-title elementor-size-default\">SELECIONE O M\u00caS<\/h2>\t\t\t\t<\/div>\n\t\t\t\t<\/div>\n\t\t\t\t\t<\/div>\n\t\t<\/div>\n\t\t\t\t\t<\/div>\n\t\t<\/section>\n\t\t\t\t<section class=\"elementor-section elementor-top-section elementor-element elementor-element-30c458c selecione-mes elementor-section-boxed elementor-section-height-default elementor-section-height-default jltma-glass-effect-no\" data-id=\"30c458c\" data-element_type=\"section\" data-e-type=\"section\">\n\t\t\t\t\t\t<div class=\"elementor-container elementor-column-gap-default\">\n\t\t\t\t\t<div class=\"elementor-column elementor-col-100 elementor-top-column elementor-element elementor-element-60c32b0 jltma-glass-effect-no\" data-id=\"60c32b0\" data-element_type=\"column\" data-e-type=\"column\">\n\t\t\t<div class=\"elementor-widget-wrap elementor-element-populated\">\n\t\t\t\t\t\t<div class=\"elementor-element elementor-element-af707ff jltma-glass-effect-no elementor-widget elementor-widget-html\" data-id=\"af707ff\" data-element_type=\"widget\" data-e-type=\"widget\" data-widget_type=\"html.default\">\n\t\t\t\t<div class=\"elementor-widget-container\">\n\t\t\t\t\t<select  onchange=\"if (this.value) window.location.href=this.value\" name='mes' id='mes'>\n    <option value=\"#\">[Selecione o m\u00eas]<\/option>\n    <option value=\"\/novo\/assembleia-janeiro\">Janeiro<\/option>    \n    <option value=\"\/novo\/assembleia-fevereiro\">Fevereiro<\/option>    \n    <option value=\"\/novo\/assembleia-marco\">Mar\u00e7o<\/option>    \n    <option value=\"\/novo\/assembleia-abril\">Abril<\/option>    \n    <option value=\"\/novo\/assembleia-maio\">Maio<\/option>    \n    <option value=\"\/novo\/assembleia-junho\">Junho<\/option>    \n    <option value=\"\/novo\/assembleia-julho\">Julho<\/option>    \n    <option value=\"\/novo\/assembleia-agosto\">Agosto<\/option>    \n    <option value=\"\/novo\/assembleia-setembro\">Setembro<\/option>    \n    <option value=\"\/novo\/assembleia-outubro\">Outubro<\/option>    \n    <option value=\"\/novo\/assembleia-novembro\">Novembro<\/option>    \n    <option value=\"\/novo\/assembleia-dezembro\">Dezembro<\/option>    \n<\/select>\t\t\t\t<\/div>\n\t\t\t\t<\/div>\n\t\t\t\t\t<\/div>\n\t\t<\/div>\n\t\t\t\t\t<\/div>\n\t\t<\/section>\n\t\t\t\t<section class=\"elementor-section elementor-top-section elementor-element elementor-element-649068ca elementor-section-full_width elementor-section-height-default elementor-section-height-default jltma-glass-effect-no\" data-id=\"649068ca\" data-element_type=\"section\" data-e-type=\"section\" data-settings=\"{&quot;background_background&quot;:&quot;classic&quot;}\">\n\t\t\t\t\t\t<div class=\"elementor-container elementor-column-gap-no\">\n\t\t\t\t\t<div class=\"elementor-column elementor-col-100 elementor-top-column elementor-element elementor-element-13e2bcbe jltma-glass-effect-no\" data-id=\"13e2bcbe\" data-element_type=\"column\" data-e-type=\"column\">\n\t\t\t<div class=\"elementor-widget-wrap elementor-element-populated\">\n\t\t\t\t\t\t<div class=\"elementor-element elementor-element-4718bcb7 jltma-glass-effect-no elementor-widget elementor-widget-image\" data-id=\"4718bcb7\" data-element_type=\"widget\" data-e-type=\"widget\" data-widget_type=\"image.default\">\n\t\t\t\t<div class=\"elementor-widget-container\">\n\t\t\t\t\t\t\t\t\t\t\t\t\t\t\t\t<a href=\"https:\/\/www.instagram.com\/consorciogroscon\/\" target=\"_blank\">\n\t\t\t\t\t\t\t<img decoding=\"async\" width=\"540\" height=\"79\" src=\"https:\/\/consorciogroscon.com.br\/novo\/wp-content\/uploads\/2021\/03\/siga-nos.png\" class=\"attachment-large size-large wp-image-402\" alt=\"\" srcset=\"https:\/\/consorciogroscon.com.br\/novo\/wp-content\/uploads\/2021\/03\/siga-nos.png 540w, https:\/\/consorciogroscon.com.br\/novo\/wp-content\/uploads\/2021\/03\/siga-nos-300x44.png 300w\" sizes=\"(max-width: 540px) 100vw, 540px\" \/>\t\t\t\t\t\t\t\t<\/a>\n\t\t\t\t\t\t\t\t\t\t\t\t\t\t\t<\/div>\n\t\t\t\t<\/div>\n\t\t\t\t\t<\/div>\n\t\t<\/div>\n\t\t\t\t\t<\/div>\n\t\t<\/section>\n\t\t\t\t<section class=\"elementor-section elementor-top-section elementor-element elementor-element-f68cbec rodape elementor-section-boxed elementor-section-height-default elementor-section-height-default jltma-glass-effect-no\" data-id=\"f68cbec\" data-element_type=\"section\" data-e-type=\"section\" data-settings=\"{&quot;background_background&quot;:&quot;classic&quot;}\">\n\t\t\t\t\t\t<div class=\"elementor-container elementor-column-gap-default\">\n\t\t\t\t\t<div class=\"elementor-column elementor-col-33 elementor-top-column elementor-element elementor-element-2f1482e9 jltma-glass-effect-no\" data-id=\"2f1482e9\" data-element_type=\"column\" data-e-type=\"column\">\n\t\t\t<div class=\"elementor-widget-wrap elementor-element-populated\">\n\t\t\t\t\t\t<div class=\"elementor-element elementor-element-1ff7779 jltma-glass-effect-no elementor-widget elementor-widget-text-editor\" data-id=\"1ff7779\" data-element_type=\"widget\" data-e-type=\"widget\" data-widget_type=\"text-editor.default\">\n\t\t\t\t<div class=\"elementor-widget-container\">\n\t\t\t\t\t\t\t\t\t<p><img decoding=\"async\" class=\"alignnone size-medium wp-image-745\" src=\"http:\/\/consorciogroscon.com.br\/novo\/wp-content\/uploads\/2021\/03\/groscon-branco-300x66.png\" alt=\"\" width=\"300\" height=\"66\" srcset=\"https:\/\/consorciogroscon.com.br\/novo\/wp-content\/uploads\/2021\/03\/groscon-branco-300x66.png 300w, https:\/\/consorciogroscon.com.br\/novo\/wp-content\/uploads\/2021\/03\/groscon-branco.png 511w\" sizes=\"(max-width: 300px) 100vw, 300px\" \/><\/p><p><a href=\"https:\/\/consorciogroscon.com.br\/novo\/sobre-nos\/\">Quem Somos<\/a><br \/><a href=\"https:\/\/consorciogroscon.com.br\/novo\/duvidas-frequentes\/\">D\u00favidas Frequentes<\/a><br \/><a href=\"https:\/\/consorciogroscon.com.br\/novo\/codigo-de-etica\/\">C\u00f3digo de \u00c9tica GROSCON<\/a><br \/><a href=\"https:\/\/consorciogroscon.com.br\/novo\/parceiros\/\">Parceiros<\/a><br \/><a href=\"https:\/\/consorciogroscon.com.br\/novo\/trabalhe-conosco\/\">Trabalhe Conosco<\/a><br \/><a href=\"https:\/\/consorciogroscon.com.br\/novo\/contato\/\">Fale Conosco<\/a><br \/><a href=\"https:\/\/consorciogroscon.com.br\/novo\/demonstracoes-financeiras\/\" rel=\"noopener\">Demonstra\u00e7\u00f5es Financeiras<\/a><br \/><a href=\"https:\/\/consorciogroscon.com.br\/novo\/wp-content\/uploads\/2021\/03\/manual-de-pld-e-cft.html\" target=\"_blank\" rel=\"noopener\">Manual de PLD e CFT<\/a><br \/><a href=\"https:\/\/consorciogroscon.com.br\/novo\/wp-content\/uploads\/2021\/03\/politica-de-privacidade-do-consorcio-nacional-groscon.pdf\" target=\"_blank\" rel=\"noopener\">Pol\u00edtica de Privacidade de Dados<\/a><br \/><a href=\"https:\/\/consorciogroscon.com.br\/novo\/wp-content\/uploads\/2022\/01\/relatorio-ouvidoria-01-2021.pdf\" target=\"_blank\" rel=\"noopener\">Relat\u00f3rio Ouvidoria<\/a><\/p>\t\t\t\t\t\t\t\t<\/div>\n\t\t\t\t<\/div>\n\t\t\t\t\t<\/div>\n\t\t<\/div>\n\t\t\t\t<div class=\"elementor-column elementor-col-33 elementor-top-column elementor-element elementor-element-60525c53 jltma-glass-effect-no\" data-id=\"60525c53\" data-element_type=\"column\" data-e-type=\"column\">\n\t\t\t<div class=\"elementor-widget-wrap elementor-element-populated\">\n\t\t\t\t\t\t<div class=\"elementor-element elementor-element-66e7eb jltma-glass-effect-no elementor-widget elementor-widget-text-editor\" data-id=\"66e7eb\" data-element_type=\"widget\" data-e-type=\"widget\" data-widget_type=\"text-editor.default\">\n\t\t\t\t<div class=\"elementor-widget-container\">\n\t\t\t\t\t\t\t\t\t<h3><strong>ENDERE\u00c7O<\/strong><\/h3>\n<p><i class=\"fa fa-map-marker\"><\/i> Rua: S\u00e3o Sebasti\u00e3o do Paraiso, 1035<br>Jd. Francano &#8211; Franca \/ SP &#8211; CEP 14405-010<br><i class=\"fa fa-envelope\"><\/i> groscon@consorciogroscon.com.br<br><i class=\"fa fa-phone\"><\/i> Telefone: (016) 3707-5500<br><i class=\"fa fa-phone\"><\/i> SAC\/Ouvidoria 0800-940-3636<br>De Seg. \u00e0 Sex. das 8h \u00e0s 18h<\/p>\t\t\t\t\t\t\t\t<\/div>\n\t\t\t\t<\/div>\n\t\t\t\t<div class=\"elementor-element elementor-element-1735c8f jltma-glass-effect-no elementor-widget elementor-widget-html\" data-id=\"1735c8f\" data-element_type=\"widget\" data-e-type=\"widget\" data-widget_type=\"html.default\">\n\t\t\t\t<div class=\"elementor-widget-container\">\n\t\t\t\t\t<a class=\"elementor-icon sociais-icon\" href=\"https:\/\/www.facebook.com\/ConsorcioGrosconOficial\/\" target=\"_blank\">\r\n\t\t\t<i aria-hidden=\"true\" class=\"fab fa-facebook-square\"><\/i>\t\t\t<\/a>\r\n<a class=\"elementor-icon sociais-icon\" href=\"https:\/\/www.youtube.com\/channel\/UCoMLUnwHbj0BaUfPg5MJFpw\" target=\"_blank\">\r\n\t\t\t<i aria-hidden=\"true\" class=\"fab fa-youtube\"><\/i>\t\t\t<\/a>\r\n<a class=\"elementor-icon sociais-icon\" href=\"https:\/\/www.instagram.com\/ConsorcioGroscon\/\" target=\"_blank\">\r\n\t\t\t<i aria-hidden=\"true\" class=\"fab fa-instagram\"><\/i>\t\t\t<\/a>\t\t\t\t<\/div>\n\t\t\t\t<\/div>\n\t\t\t\t\t<\/div>\n\t\t<\/div>\n\t\t\t\t<div class=\"elementor-column elementor-col-33 elementor-top-column elementor-element elementor-element-6a3268a5 jltma-glass-effect-no\" data-id=\"6a3268a5\" data-element_type=\"column\" data-e-type=\"column\">\n\t\t\t<div class=\"elementor-widget-wrap elementor-element-populated\">\n\t\t\t\t\t\t<div class=\"elementor-element elementor-element-59bda27e jltma-glass-effect-no elementor-widget elementor-widget-text-editor\" data-id=\"59bda27e\" data-element_type=\"widget\" data-e-type=\"widget\" data-widget_type=\"text-editor.default\">\n\t\t\t\t<div class=\"elementor-widget-container\">\n\t\t\t\t\t\t\t\t\t<h3><strong>SIMULE<\/strong><\/h3><p><a href=\"https:\/\/consorciogroscon.com.br\/novo\/simule-imovel\/\">Simular Cons\u00f3rcio de Im\u00f3veis<\/a><br \/><a href=\"https:\/\/consorciogroscon.com.br\/novo\/simule-auto\/\">Simular Cons\u00f3rcio de Autom\u00f3vel<\/a><br \/><a href=\"https:\/\/consorciogroscon.com.br\/novo\/simule-caminhoes\/\">Simular Cons\u00f3rcio de Caminh\u00e3o<\/a><\/p><p><span class=\"azul-claro\">N\u00e3o comercializamos cotas contempladas. Em caso de d\u00favidas, entre em contato com nossa Central de Atendimento.<\/span><\/p>\t\t\t\t\t\t\t\t<\/div>\n\t\t\t\t<\/div>\n\t\t\t\t\t<\/div>\n\t\t<\/div>\n\t\t\t\t\t<\/div>\n\t\t<\/section>\n\t\t\t\t<\/div>\n\t\t","protected":false},"excerpt":{"rendered":"<p>CALEND\u00c1RIO DE ASSEMBLEIAS SELECIONE O M\u00caS [Selecione o m\u00eas]JaneiroFevereiroMar\u00e7oAbrilMaioJunhoJulhoAgostoSetembroOutubroNovembroDezembro Quem SomosD\u00favidas FrequentesC\u00f3digo de \u00c9tica GROSCONParceirosTrabalhe ConoscoFale ConoscoDemonstra\u00e7\u00f5es FinanceirasManual de PLD e CFTPol\u00edtica de Privacidade de DadosRelat\u00f3rio Ouvidoria ENDERE\u00c7O Rua: S\u00e3o Sebasti\u00e3o do Paraiso, 1035Jd. Francano &#8211; Franca \/ SP &#8211; CEP 14405-010 groscon@consorciogroscon.com.br Telefone: (016) 3707-5500 SAC\/Ouvidoria 0800-940-3636De Seg. \u00e0 Sex. das 8h \u00e0s 18h&hellip;&nbsp;<a href=\"https:\/\/consorciogroscon.com.br\/novo\/calendario-de-assembleias\/\" class=\"\" rel=\"bookmark\">Continue a ler &raquo;<span class=\"screen-reader-text\">CALEND\u00c1RIO DE ASSEMBLEIAS<\/span><\/a><\/p>\n","protected":false},"author":1,"featured_media":0,"parent":0,"menu_order":0,"comment_status":"closed","ping_status":"closed","template":"elementor_header_footer","meta":{"telegram_tosend":false,"telegram_tosend_message":"","telegram_tosend_target":0,"neve_meta_sidebar":"full-width","neve_meta_container":"","neve_meta_enable_content_width":"on","neve_meta_content_width":100,"neve_meta_title_alignment":"","neve_meta_author_avatar":"","neve_post_elements_order":"","neve_meta_disable_header":"","neve_meta_disable_footer":"","neve_meta_disable_title":"","_themeisle_gutenberg_block_has_review":false,"footnotes":""},"class_list":["post-511","page","type-page","status-publish","hentry"],"_links":{"self":[{"href":"https:\/\/consorciogroscon.com.br\/novo\/wp-json\/wp\/v2\/pages\/511","targetHints":{"allow":["GET"]}}],"collection":[{"href":"https:\/\/consorciogroscon.com.br\/novo\/wp-json\/wp\/v2\/pages"}],"about":[{"href":"https:\/\/consorciogroscon.com.br\/novo\/wp-json\/wp\/v2\/types\/page"}],"author":[{"embeddable":true,"href":"https:\/\/consorciogroscon.com.br\/novo\/wp-json\/wp\/v2\/users\/1"}],"replies":[{"embeddable":true,"href":"https:\/\/consorciogroscon.com.br\/novo\/wp-json\/wp\/v2\/comments?post=511"}],"version-history":[{"count":37,"href":"https:\/\/consorciogroscon.com.br\/novo\/wp-json\/wp\/v2\/pages\/511\/revisions"}],"predecessor-version":[{"id":2953,"href":"https:\/\/consorciogroscon.com.br\/novo\/wp-json\/wp\/v2\/pages\/511\/revisions\/2953"}],"wp:attachment":[{"href":"https:\/\/consorciogroscon.com.br\/novo\/wp-json\/wp\/v2\/media?parent=511"}],"curies":[{"name":"wp","href":"https:\/\/api.w.org\/{rel}","templated":true}]}}